{"id":27,"date":"2020-08-05T09:37:32","date_gmt":"2020-08-05T09:37:32","guid":{"rendered":"https:\/\/interactideas.pt\/beta\/?page_id=27"},"modified":"2021-02-21T19:46:45","modified_gmt":"2021-02-21T19:46:45","slug":"ia","status":"publish","type":"page","link":"http:\/\/interactideas.pt\/en\/ia\/","title":{"rendered":"Artificial Intelligence"},"content":{"rendered":"<div class=\"vc_row wpb_row vc_row-fluid\"><\/div><div class=\"wpb_column vc_column_container vc_col-sm-12\"><div class=\"vc_column-inner\"><div class=\"wpb_wrapper\"><\/div><\/div><\/div>\n\t<div class=\"wpb_text_column wpb_content_element\" >\n\t\t<div class=\"wpb_wrapper\">\n\t\t\t\n\t\t<\/div>\n\t<\/div>\r\n<h3 style=\"text-align: left;\"><strong>Artificial Intelligence in Education<\/strong><\/h3>\r\n<p style=\"font-size: 120%; text-align: justify;\">We are facing a period of strong transformations that are taking place at a pace never before seen in human history. This rhythm forces us to act in a quick but pondered, very concrete and precise way.<\/p>\r\n<p style=\"font-size: 120%; text-align: justify;\"><br \/>In the current context, our biggest obstacle is not understanding exactly what is happening in 360\u00b0 format around and outside our educational institutions. We should remember our natural tendency, as Bill Gates says: \"with technology, we tend to overestimate its short-term impact, and underestimate its long-term impact.<\/p>\r\n\r\n<p style=\"font-size: 120%; text-align: justify;\">This is what is currently happening with Artificial Intelligence. Artificial Intelligence is strongly transforming all components of our lives, social, economic, cultural, political and ecological, and will affect more in the near future.<\/p>\r\n<p style=\"font-size: 120%; text-align: justify;\">It is important that our young people understand what Artificial Intelligence is, how they should behave towards Artificial Intelligence, and how to create with Artificial Intelligence.<\/p>\r\n<p style=\"font-size: 120%; text-align: justify;\">It is therefore the obligation of educational entities and institutions to introduce the topic of Artificial Intelligence in their curricular and non-curricular activities. If our young people are not prepared for AI, they will not be prepared for their future.<\/p>\r\n<p style=\"font-size: 120%; text-align: justify;\">InteractIdeas, is the only partner at national level with answers to this challenge. We develop plans and projects to integrate AI in Education according to the characteristics and needs of your institution. Learn more at  iaeducacao.pt <a href=\"http:\/\/iaeducacao.pt\/pt\/\" target=\"_blank\" rel=\"noopener noreferrer\">iaeducacao.pt<\/a><\/p>\r\n<p><img class=\"aligncenter size-full wp-image-752\" src=\"https:\/\/interactideas.pt\/wp-content\/uploads\/2021\/02\/ai.jpg\" alt=\"\" width=\"640\" height=\"400\" srcset=\"https:\/\/interactideas.pt\/wp-content\/uploads\/2021\/02\/ai.jpg 640w, https:\/\/interactideas.pt\/wp-content\/uploads\/2021\/02\/ai-300x188.jpg 300w, https:\/\/interactideas.pt\/wp-content\/uploads\/2021\/02\/ai-16x10.jpg 16w\" sizes=\"(max-width: 640px) 100vw, 640px\" \/><\/p>","protected":false},"excerpt":{"rendered":"<p>Intelig\u00eancia Artificial em Educa\u00e7\u00e3o Enfrentamos um per\u00edodo de fortes transforma\u00e7\u00f5es que se sucedem a ritmos nunca antes vistos na hist\u00f3ria da humanidade. Este ritmo obriga-nos a agir de forma r\u00e1pida mas ponderada, muito concreta e precisa. Perante o contexto atual o nosso maior obst\u00e1culo \u00e9 n\u00e3o perceber exatamente o que acontece em formato 360\u00ba em [&hellip;]<\/p>","protected":false},"author":1,"featured_media":0,"parent":0,"menu_order":0,"comment_status":"closed","ping_status":"closed","template":"","meta":[],"yoast_head":"<!-- This site is optimized with the Yoast SEO plugin v16.4 - https:\/\/yoast.com\/wordpress\/plugins\/seo\/ -->\n<title>Intelig\u00eancia Artificial - Interact Ideas<\/title>\n<meta name=\"robots\" content=\"index, follow, max-snippet:-1, max-image-preview:large, max-video-preview:-1\" \/>\n<link rel=\"canonical\" href=\"http:\/\/interactideas.pt\/en\/ia\/\" \/>\n<meta property=\"og:locale\" content=\"en_GB\" \/>\n<meta property=\"og:type\" content=\"article\" \/>\n<meta property=\"og:title\" content=\"Intelig\u00eancia Artificial - Interact Ideas\" \/>\n<meta property=\"og:description\" content=\"Intelig\u00eancia Artificial em Educa\u00e7\u00e3o Enfrentamos um per\u00edodo de fortes transforma\u00e7\u00f5es que se sucedem a ritmos nunca antes vistos na hist\u00f3ria da humanidade. Este ritmo obriga-nos a agir de forma r\u00e1pida mas ponderada, muito concreta e precisa. Perante o contexto atual o nosso maior obst\u00e1culo \u00e9 n\u00e3o perceber exatamente o que acontece em formato 360\u00ba em [&hellip;]\" \/>\n<meta property=\"og:url\" content=\"http:\/\/interactideas.pt\/en\/ia\/\" \/>\n<meta property=\"og:site_name\" content=\"Interact Ideas\" \/>\n<meta property=\"article:modified_time\" content=\"2021-02-21T19:46:45+00:00\" \/>\n<meta property=\"og:image\" content=\"https:\/\/interactideas.pt\/wp-content\/uploads\/2021\/02\/ai.jpg\" \/>\n<meta name=\"twitter:card\" content=\"summary_large_image\" \/>\n<meta name=\"twitter:label1\" content=\"Estimated reading time\" \/>\n\t<meta name=\"twitter:data1\" content=\"1 minute\" \/>\n<script type=\"application\/ld+json\" class=\"yoast-schema-graph\">{\"@context\":\"https:\/\/schema.org\",\"@graph\":[{\"@type\":\"Organization\",\"@id\":\"https:\/\/interactideas.pt\/#organization\",\"name\":\"InteractIdeas\",\"url\":\"https:\/\/interactideas.pt\/\",\"sameAs\":[],\"logo\":{\"@type\":\"ImageObject\",\"@id\":\"https:\/\/interactideas.pt\/#logo\",\"inLanguage\":\"en-GB\",\"url\":\"https:\/\/interactideas.pt\/wp-content\/uploads\/2020\/11\/logointeract-wp1.png\",\"contentUrl\":\"https:\/\/interactideas.pt\/wp-content\/uploads\/2020\/11\/logointeract-wp1.png\",\"width\":114,\"height\":90,\"caption\":\"InteractIdeas\"},\"image\":{\"@id\":\"https:\/\/interactideas.pt\/#logo\"}},{\"@type\":\"WebSite\",\"@id\":\"https:\/\/interactideas.pt\/#website\",\"url\":\"https:\/\/interactideas.pt\/\",\"name\":\"Interact Ideas\",\"description\":\"\",\"publisher\":{\"@id\":\"https:\/\/interactideas.pt\/#organization\"},\"potentialAction\":[{\"@type\":\"SearchAction\",\"target\":\"https:\/\/interactideas.pt\/?s={search_term_string}\",\"query-input\":\"required name=search_term_string\"}],\"inLanguage\":\"en-GB\"},{\"@type\":\"ImageObject\",\"@id\":\"https:\/\/interactideas.pt\/ia\/#primaryimage\",\"inLanguage\":\"en-GB\",\"url\":\"https:\/\/interactideas.pt\/wp-content\/uploads\/2021\/02\/ai.jpg\",\"contentUrl\":\"https:\/\/interactideas.pt\/wp-content\/uploads\/2021\/02\/ai.jpg\"},{\"@type\":\"WebPage\",\"@id\":\"https:\/\/interactideas.pt\/ia\/#webpage\",\"url\":\"https:\/\/interactideas.pt\/ia\/\",\"name\":\"Intelig\\u00eancia Artificial - Interact Ideas\",\"isPartOf\":{\"@id\":\"https:\/\/interactideas.pt\/#website\"},\"primaryImageOfPage\":{\"@id\":\"https:\/\/interactideas.pt\/ia\/#primaryimage\"},\"datePublished\":\"2020-08-05T09:37:32+00:00\",\"dateModified\":\"2021-02-21T19:46:45+00:00\",\"breadcrumb\":{\"@id\":\"https:\/\/interactideas.pt\/ia\/#breadcrumb\"},\"inLanguage\":\"en-GB\",\"potentialAction\":[{\"@type\":\"ReadAction\",\"target\":[\"https:\/\/interactideas.pt\/ia\/\"]}]},{\"@type\":\"BreadcrumbList\",\"@id\":\"https:\/\/interactideas.pt\/ia\/#breadcrumb\",\"itemListElement\":[{\"@type\":\"ListItem\",\"position\":1,\"item\":{\"@type\":\"WebPage\",\"@id\":\"https:\/\/interactideas.pt\/\",\"url\":\"https:\/\/interactideas.pt\/\",\"name\":\"In\\u00edcio\"}},{\"@type\":\"ListItem\",\"position\":2,\"item\":{\"@id\":\"https:\/\/interactideas.pt\/ia\/#webpage\"}}]}]}<\/script>\n<!-- \/ Yoast SEO plugin. -->","_links":{"self":[{"href":"http:\/\/interactideas.pt\/en\/wp-json\/wp\/v2\/pages\/27"}],"collection":[{"href":"http:\/\/interactideas.pt\/en\/wp-json\/wp\/v2\/pages"}],"about":[{"href":"http:\/\/interactideas.pt\/en\/wp-json\/wp\/v2\/types\/page"}],"author":[{"embeddable":true,"href":"http:\/\/interactideas.pt\/en\/wp-json\/wp\/v2\/users\/1"}],"replies":[{"embeddable":true,"href":"http:\/\/interactideas.pt\/en\/wp-json\/wp\/v2\/comments?post=27"}],"version-history":[{"count":14,"href":"http:\/\/interactideas.pt\/en\/wp-json\/wp\/v2\/pages\/27\/revisions"}],"predecessor-version":[{"id":843,"href":"http:\/\/interactideas.pt\/en\/wp-json\/wp\/v2\/pages\/27\/revisions\/843"}],"wp:attachment":[{"href":"http:\/\/interactideas.pt\/en\/wp-json\/wp\/v2\/media?parent=27"}],"curies":[{"name":"wp","href":"https:\/\/api.w.org\/{rel}","templated":true}]}}