{"id":10,"date":"2020-08-05T09:33:54","date_gmt":"2020-08-05T09:33:54","guid":{"rendered":"https:\/\/interactideas.pt\/beta\/?page_id=10"},"modified":"2021-02-22T20:36:05","modified_gmt":"2021-02-22T20:36:05","slug":"educacao","status":"publish","type":"page","link":"https:\/\/interactideas.pt\/en\/educacao\/","title":{"rendered":"Education"},"content":{"rendered":"<style>\ntd,tr,th {\nborder:0px;}\n<\/style>\n<h3 style=\"text-align: left;\"><strong>Challenges...of and in Education !<\/strong><\/h3>\n<p style=\"font-size: 120%; text-align: justify;\">For the first time in our history in a transversal and profound way, technology does not replace the human being only in the muscular strength aspect but also in the aspect of our last exclusivity, intelligence.<\/p>\n<p style=\"font-size: 120%; text-align: justify;\">We live in the time of cognitive machines.<\/p>\n<p style=\"font-size: 120%; text-align: justify;\">Faced with this enormous challenge, what does it matter? It is important that the education systems adapt their responses and contexts so that they can provide our children and young people with the contexts that prepare them properly for this new reality.<\/p>\n<p style=\"font-size: 120%; text-align: justify;\">Recognizing the importance and urgent need for this, InteracIdeas is positioned as the primary partner for educational institutions and entities that support education programs (City Halls, Educational Associations, CIMs, Training Centers and Study Support among others) that want to be at the forefront of these challenges, through a set of specialized consulting services in digital education.<\/p>\n<p style=\"font-size: 120%; text-align: justify;\">These are some of the services and initiatives we develop in the Digital Education ecosystem:<\/p>\n<table>\n<tbody>\n<tr>\n<td><img class=\"alignnone wp-image-788\" src=\"https:\/\/interactideas.pt\/wp-content\/uploads\/2021\/02\/interview.png\" alt=\"\" width=\"81\" height=\"72\" srcset=\"https:\/\/interactideas.pt\/wp-content\/uploads\/2021\/02\/interview.png 512w, https:\/\/interactideas.pt\/wp-content\/uploads\/2021\/02\/interview-300x267.png 300w, https:\/\/interactideas.pt\/wp-content\/uploads\/2021\/02\/interview-13x12.png 13w\" sizes=\"(max-width: 81px) 100vw, 81px\" \/><\/td>\n<td>\n<p style=\"font-size: 120%; text-align: justify;\">Consulting projects in the field of Educational Innovation<\/p>\n<\/td>\n<td><img class=\"alignnone wp-image-790\" src=\"https:\/\/interactideas.pt\/wp-content\/uploads\/2021\/02\/digital.png\" alt=\"\" width=\"80\" height=\"86\" srcset=\"https:\/\/interactideas.pt\/wp-content\/uploads\/2021\/02\/digital.png 478w, https:\/\/interactideas.pt\/wp-content\/uploads\/2021\/02\/digital-280x300.png 280w, https:\/\/interactideas.pt\/wp-content\/uploads\/2021\/02\/digital-11x12.png 11w\" sizes=\"(max-width: 80px) 100vw, 80px\" \/><\/td>\n<td>\n<p style=\"font-size: 120%; text-align: justify;\">Artificial Intelligence in Education<\/p>\n<\/td>\n<\/tr>\n<tr>\n<td><img class=\"wp-image-867  alignnone\" src=\"https:\/\/interactideas.pt\/wp-content\/uploads\/2021\/02\/gaming-gamepad.png\" alt=\"\" width=\"75\" height=\"58\" srcset=\"https:\/\/interactideas.pt\/wp-content\/uploads\/2021\/02\/gaming-gamepad.png 513w, https:\/\/interactideas.pt\/wp-content\/uploads\/2021\/02\/gaming-gamepad-300x232.png 300w, https:\/\/interactideas.pt\/wp-content\/uploads\/2021\/02\/gaming-gamepad-16x12.png 16w\" sizes=\"(max-width: 75px) 100vw, 75px\" \/><\/td>\n<td>\n<p style=\"font-size: 120%; text-align: justify;\">Gamification and Game-Based Learning<\/p>\n<\/td>\n<td><img class=\"aligncenter wp-image-784\" src=\"https:\/\/interactideas.pt\/wp-content\/uploads\/2021\/02\/360-degree-rotate.png\" alt=\"\" width=\"82\" height=\"44\" srcset=\"https:\/\/interactideas.pt\/wp-content\/uploads\/2021\/02\/360-degree-rotate.png 513w, https:\/\/interactideas.pt\/wp-content\/uploads\/2021\/02\/360-degree-rotate-300x161.png 300w, https:\/\/interactideas.pt\/wp-content\/uploads\/2021\/02\/360-degree-rotate-16x9.png 16w\" sizes=\"(max-width: 82px) 100vw, 82px\" \/><\/td>\n<td>\n<p style=\"font-size: 120%; text-align: justify;\">Virtual Reality and Augmented Reality<\/p>\n<\/td>\n<\/tr>\n<\/tbody>\n<\/table>\n<p>&nbsp;<\/p>\n<p style=\"font-size: 120%; text-align: justify;\">Faced with these challenges, the educational systems must adapt their responses and contexts so that they can provide our children and young people with the proper contexts that prepare them properly for the challenges of new realities.<\/p>\n<p style=\"font-size: 120%; text-align: justify;\">We want to be your partner in this quest to provide a better future for our children and young people through <strong>Education.<\/strong><\/p>","protected":false},"excerpt":{"rendered":"<p>Desafios&#8230;da e na Educa\u00e7\u00e3o ! Pela primeira vez na nossa hist\u00f3ria de forma transversal e profunda a tecnologia n\u00e3o substitui o ser humano unicamente na vertente da for\u00e7a muscular mas tamb\u00e9m na vertente da nossa \u00faltima exclusividade, a intelig\u00eancia. Vivemos o tempo das m\u00e1quinas cognitivas. Perante este enorme desafio, o que importa? Importa que os [&hellip;]<\/p>","protected":false},"author":1,"featured_media":0,"parent":0,"menu_order":0,"comment_status":"closed","ping_status":"closed","template":"","meta":[],"yoast_head":"<!-- This site is optimized with the Yoast SEO plugin v16.4 - https:\/\/yoast.com\/wordpress\/plugins\/seo\/ -->\n<title>Educa\u00e7\u00e3o - Interact Ideas<\/title>\n<meta name=\"robots\" content=\"index, follow, max-snippet:-1, max-image-preview:large, max-video-preview:-1\" \/>\n<link rel=\"canonical\" href=\"https:\/\/interactideas.pt\/en\/educacao\/\" \/>\n<meta property=\"og:locale\" content=\"en_GB\" \/>\n<meta property=\"og:type\" content=\"article\" \/>\n<meta property=\"og:title\" content=\"Educa\u00e7\u00e3o - Interact Ideas\" \/>\n<meta property=\"og:description\" content=\"Desafios&#8230;da e na Educa\u00e7\u00e3o ! Pela primeira vez na nossa hist\u00f3ria de forma transversal e profunda a tecnologia n\u00e3o substitui o ser humano unicamente na vertente da for\u00e7a muscular mas tamb\u00e9m na vertente da nossa \u00faltima exclusividade, a intelig\u00eancia. Vivemos o tempo das m\u00e1quinas cognitivas. Perante este enorme desafio, o que importa? Importa que os [&hellip;]\" \/>\n<meta property=\"og:url\" content=\"https:\/\/interactideas.pt\/en\/educacao\/\" \/>\n<meta property=\"og:site_name\" content=\"Interact Ideas\" \/>\n<meta property=\"article:modified_time\" content=\"2021-02-22T20:36:05+00:00\" \/>\n<meta property=\"og:image\" content=\"https:\/\/interactideas.pt\/wp-content\/uploads\/2021\/02\/interview.png\" \/>\n<meta name=\"twitter:card\" content=\"summary_large_image\" \/>\n<meta name=\"twitter:label1\" content=\"Estimated reading time\" \/>\n\t<meta name=\"twitter:data1\" content=\"1 minute\" \/>\n<script type=\"application\/ld+json\" class=\"yoast-schema-graph\">{\"@context\":\"https:\/\/schema.org\",\"@graph\":[{\"@type\":\"Organization\",\"@id\":\"https:\/\/interactideas.pt\/#organization\",\"name\":\"InteractIdeas\",\"url\":\"https:\/\/interactideas.pt\/\",\"sameAs\":[],\"logo\":{\"@type\":\"ImageObject\",\"@id\":\"https:\/\/interactideas.pt\/#logo\",\"inLanguage\":\"en-GB\",\"url\":\"https:\/\/interactideas.pt\/wp-content\/uploads\/2020\/11\/logointeract-wp1.png\",\"contentUrl\":\"https:\/\/interactideas.pt\/wp-content\/uploads\/2020\/11\/logointeract-wp1.png\",\"width\":114,\"height\":90,\"caption\":\"InteractIdeas\"},\"image\":{\"@id\":\"https:\/\/interactideas.pt\/#logo\"}},{\"@type\":\"WebSite\",\"@id\":\"https:\/\/interactideas.pt\/#website\",\"url\":\"https:\/\/interactideas.pt\/\",\"name\":\"Interact Ideas\",\"description\":\"\",\"publisher\":{\"@id\":\"https:\/\/interactideas.pt\/#organization\"},\"potentialAction\":[{\"@type\":\"SearchAction\",\"target\":\"https:\/\/interactideas.pt\/?s={search_term_string}\",\"query-input\":\"required name=search_term_string\"}],\"inLanguage\":\"en-GB\"},{\"@type\":\"ImageObject\",\"@id\":\"https:\/\/interactideas.pt\/educacao\/#primaryimage\",\"inLanguage\":\"en-GB\",\"url\":\"https:\/\/interactideas.pt\/wp-content\/uploads\/2021\/02\/interview.png\",\"contentUrl\":\"https:\/\/interactideas.pt\/wp-content\/uploads\/2021\/02\/interview.png\",\"width\":512,\"height\":456},{\"@type\":\"WebPage\",\"@id\":\"https:\/\/interactideas.pt\/educacao\/#webpage\",\"url\":\"https:\/\/interactideas.pt\/educacao\/\",\"name\":\"Educa\\u00e7\\u00e3o - Interact Ideas\",\"isPartOf\":{\"@id\":\"https:\/\/interactideas.pt\/#website\"},\"primaryImageOfPage\":{\"@id\":\"https:\/\/interactideas.pt\/educacao\/#primaryimage\"},\"datePublished\":\"2020-08-05T09:33:54+00:00\",\"dateModified\":\"2021-02-22T20:36:05+00:00\",\"breadcrumb\":{\"@id\":\"https:\/\/interactideas.pt\/educacao\/#breadcrumb\"},\"inLanguage\":\"en-GB\",\"potentialAction\":[{\"@type\":\"ReadAction\",\"target\":[\"https:\/\/interactideas.pt\/educacao\/\"]}]},{\"@type\":\"BreadcrumbList\",\"@id\":\"https:\/\/interactideas.pt\/educacao\/#breadcrumb\",\"itemListElement\":[{\"@type\":\"ListItem\",\"position\":1,\"item\":{\"@type\":\"WebPage\",\"@id\":\"https:\/\/interactideas.pt\/\",\"url\":\"https:\/\/interactideas.pt\/\",\"name\":\"In\\u00edcio\"}},{\"@type\":\"ListItem\",\"position\":2,\"item\":{\"@id\":\"https:\/\/interactideas.pt\/educacao\/#webpage\"}}]}]}<\/script>\n<!-- \/ Yoast SEO plugin. -->","_links":{"self":[{"href":"https:\/\/interactideas.pt\/en\/wp-json\/wp\/v2\/pages\/10"}],"collection":[{"href":"https:\/\/interactideas.pt\/en\/wp-json\/wp\/v2\/pages"}],"about":[{"href":"https:\/\/interactideas.pt\/en\/wp-json\/wp\/v2\/types\/page"}],"author":[{"embeddable":true,"href":"https:\/\/interactideas.pt\/en\/wp-json\/wp\/v2\/users\/1"}],"replies":[{"embeddable":true,"href":"https:\/\/interactideas.pt\/en\/wp-json\/wp\/v2\/comments?post=10"}],"version-history":[{"count":70,"href":"https:\/\/interactideas.pt\/en\/wp-json\/wp\/v2\/pages\/10\/revisions"}],"predecessor-version":[{"id":870,"href":"https:\/\/interactideas.pt\/en\/wp-json\/wp\/v2\/pages\/10\/revisions\/870"}],"wp:attachment":[{"href":"https:\/\/interactideas.pt\/en\/wp-json\/wp\/v2\/media?parent=10"}],"curies":[{"name":"wp","href":"https:\/\/api.w.org\/{rel}","templated":true}]}}