{"id":11,"date":"2020-08-05T09:33:54","date_gmt":"2020-08-05T09:33:54","guid":{"rendered":"https:\/\/interactideas.pt\/beta\/?page_id=11"},"modified":"2021-02-22T21:07:36","modified_gmt":"2021-02-22T21:07:36","slug":"formacao","status":"publish","type":"page","link":"https:\/\/interactideas.pt\/en\/formacao\/","title":{"rendered":"Training"},"content":{"rendered":"<p>&nbsp;<\/p>\n<h3 style=\"text-align: left;\"><strong>E-Learning\/ Hybrid \/ Presential training<\/strong><\/h3>\n<p style=\"font-size: 120%; text-align: justify;\">The constant need to adapt to new challenges is a constant necessity. We live in times where transformations happen at a pace never seen before<\/p>\n<p>In this context, InteractIdeas provides specific and specialized training services for companies and individuals according to specific contexts and needs.<\/p>\n<p style=\"font-size: 120%; text-align: justify;\">Talk to  us!<\/p>\n<p><img class=\"aligncenter wp-image-887 size-large\" src=\"https:\/\/interactideas.pt\/wp-content\/uploads\/2021\/02\/training-1024x683.jpg\" alt=\"\" width=\"1024\" height=\"683\" srcset=\"https:\/\/interactideas.pt\/wp-content\/uploads\/2021\/02\/training-1024x683.jpg 1024w, https:\/\/interactideas.pt\/wp-content\/uploads\/2021\/02\/training-300x200.jpg 300w, https:\/\/interactideas.pt\/wp-content\/uploads\/2021\/02\/training-768x512.jpg 768w, https:\/\/interactideas.pt\/wp-content\/uploads\/2021\/02\/training-1536x1024.jpg 1536w, https:\/\/interactideas.pt\/wp-content\/uploads\/2021\/02\/training-16x12.jpg 16w, https:\/\/interactideas.pt\/wp-content\/uploads\/2021\/02\/training.jpg 1920w\" sizes=\"(max-width: 1024px) 100vw, 1024px\" \/><\/p>","protected":false},"excerpt":{"rendered":"<p>&nbsp; Forma\u00e7\u00e3o e-Learning\/ H\u00edbrida \/ Presencial A necessidade constante de adapta\u00e7\u00e3o a novos desafios \u00e9 uma necessidade constante. Vivemos tempos em que as transforma\u00e7\u00f5es acontecem a ritmos nunca antes vistos. Neste contexto a InteractIdeas disponibiliza servi\u00e7os de forma\u00e7\u00e3o espec\u00edficos e especializados para empresas e particulares de acordo com contextos e necessidades espec\u00edficas. Fale Connosco!<\/p>","protected":false},"author":1,"featured_media":0,"parent":0,"menu_order":0,"comment_status":"closed","ping_status":"closed","template":"","meta":[],"yoast_head":"<!-- This site is optimized with the Yoast SEO plugin v16.4 - https:\/\/yoast.com\/wordpress\/plugins\/seo\/ -->\n<title>Forma\u00e7\u00e3o - Interact Ideas<\/title>\n<meta name=\"robots\" content=\"index, follow, max-snippet:-1, max-image-preview:large, max-video-preview:-1\" \/>\n<link rel=\"canonical\" href=\"https:\/\/interactideas.pt\/en\/formacao\/\" \/>\n<meta property=\"og:locale\" content=\"en_GB\" \/>\n<meta property=\"og:type\" content=\"article\" \/>\n<meta property=\"og:title\" content=\"Forma\u00e7\u00e3o - Interact Ideas\" \/>\n<meta property=\"og:description\" content=\"&nbsp; Forma\u00e7\u00e3o e-Learning\/ H\u00edbrida \/ Presencial A necessidade constante de adapta\u00e7\u00e3o a novos desafios \u00e9 uma necessidade constante. Vivemos tempos em que as transforma\u00e7\u00f5es acontecem a ritmos nunca antes vistos. Neste contexto a InteractIdeas disponibiliza servi\u00e7os de forma\u00e7\u00e3o espec\u00edficos e especializados para empresas e particulares de acordo com contextos e necessidades espec\u00edficas. Fale Connosco!\" \/>\n<meta property=\"og:url\" content=\"https:\/\/interactideas.pt\/en\/formacao\/\" \/>\n<meta property=\"og:site_name\" content=\"Interact Ideas\" \/>\n<meta property=\"article:modified_time\" content=\"2021-02-22T21:07:36+00:00\" \/>\n<meta property=\"og:image\" content=\"https:\/\/interactideas.pt\/wp-content\/uploads\/2021\/02\/training-1024x683.jpg\" \/>\n<meta name=\"twitter:card\" content=\"summary_large_image\" \/>\n<script type=\"application\/ld+json\" class=\"yoast-schema-graph\">{\"@context\":\"https:\/\/schema.org\",\"@graph\":[{\"@type\":\"Organization\",\"@id\":\"https:\/\/interactideas.pt\/#organization\",\"name\":\"InteractIdeas\",\"url\":\"https:\/\/interactideas.pt\/\",\"sameAs\":[],\"logo\":{\"@type\":\"ImageObject\",\"@id\":\"https:\/\/interactideas.pt\/#logo\",\"inLanguage\":\"en-GB\",\"url\":\"https:\/\/interactideas.pt\/wp-content\/uploads\/2020\/11\/logointeract-wp1.png\",\"contentUrl\":\"https:\/\/interactideas.pt\/wp-content\/uploads\/2020\/11\/logointeract-wp1.png\",\"width\":114,\"height\":90,\"caption\":\"InteractIdeas\"},\"image\":{\"@id\":\"https:\/\/interactideas.pt\/#logo\"}},{\"@type\":\"WebSite\",\"@id\":\"https:\/\/interactideas.pt\/#website\",\"url\":\"https:\/\/interactideas.pt\/\",\"name\":\"Interact Ideas\",\"description\":\"\",\"publisher\":{\"@id\":\"https:\/\/interactideas.pt\/#organization\"},\"potentialAction\":[{\"@type\":\"SearchAction\",\"target\":\"https:\/\/interactideas.pt\/?s={search_term_string}\",\"query-input\":\"required name=search_term_string\"}],\"inLanguage\":\"en-GB\"},{\"@type\":\"ImageObject\",\"@id\":\"https:\/\/interactideas.pt\/formacao\/#primaryimage\",\"inLanguage\":\"en-GB\",\"url\":\"https:\/\/interactideas.pt\/wp-content\/uploads\/2021\/02\/training.jpg\",\"contentUrl\":\"https:\/\/interactideas.pt\/wp-content\/uploads\/2021\/02\/training.jpg\",\"width\":1920,\"height\":1280},{\"@type\":\"WebPage\",\"@id\":\"https:\/\/interactideas.pt\/formacao\/#webpage\",\"url\":\"https:\/\/interactideas.pt\/formacao\/\",\"name\":\"Forma\\u00e7\\u00e3o - Interact Ideas\",\"isPartOf\":{\"@id\":\"https:\/\/interactideas.pt\/#website\"},\"primaryImageOfPage\":{\"@id\":\"https:\/\/interactideas.pt\/formacao\/#primaryimage\"},\"datePublished\":\"2020-08-05T09:33:54+00:00\",\"dateModified\":\"2021-02-22T21:07:36+00:00\",\"breadcrumb\":{\"@id\":\"https:\/\/interactideas.pt\/formacao\/#breadcrumb\"},\"inLanguage\":\"en-GB\",\"potentialAction\":[{\"@type\":\"ReadAction\",\"target\":[\"https:\/\/interactideas.pt\/formacao\/\"]}]},{\"@type\":\"BreadcrumbList\",\"@id\":\"https:\/\/interactideas.pt\/formacao\/#breadcrumb\",\"itemListElement\":[{\"@type\":\"ListItem\",\"position\":1,\"item\":{\"@type\":\"WebPage\",\"@id\":\"https:\/\/interactideas.pt\/\",\"url\":\"https:\/\/interactideas.pt\/\",\"name\":\"In\\u00edcio\"}},{\"@type\":\"ListItem\",\"position\":2,\"item\":{\"@id\":\"https:\/\/interactideas.pt\/formacao\/#webpage\"}}]}]}<\/script>\n<!-- \/ Yoast SEO plugin. -->","_links":{"self":[{"href":"https:\/\/interactideas.pt\/en\/wp-json\/wp\/v2\/pages\/11"}],"collection":[{"href":"https:\/\/interactideas.pt\/en\/wp-json\/wp\/v2\/pages"}],"about":[{"href":"https:\/\/interactideas.pt\/en\/wp-json\/wp\/v2\/types\/page"}],"author":[{"embeddable":true,"href":"https:\/\/interactideas.pt\/en\/wp-json\/wp\/v2\/users\/1"}],"replies":[{"embeddable":true,"href":"https:\/\/interactideas.pt\/en\/wp-json\/wp\/v2\/comments?post=11"}],"version-history":[{"count":9,"href":"https:\/\/interactideas.pt\/en\/wp-json\/wp\/v2\/pages\/11\/revisions"}],"predecessor-version":[{"id":889,"href":"https:\/\/interactideas.pt\/en\/wp-json\/wp\/v2\/pages\/11\/revisions\/889"}],"wp:attachment":[{"href":"https:\/\/interactideas.pt\/en\/wp-json\/wp\/v2\/media?parent=11"}],"curies":[{"name":"wp","href":"https:\/\/api.w.org\/{rel}","templated":true}]}}