{"id":12,"date":"2020-08-05T09:33:54","date_gmt":"2020-08-05T09:33:54","guid":{"rendered":"https:\/\/interactideas.pt\/beta\/?page_id=12"},"modified":"2021-02-22T21:46:49","modified_gmt":"2021-02-22T21:46:49","slug":"digital-services","status":"publish","type":"page","link":"https:\/\/interactideas.pt\/en\/digital-services\/","title":{"rendered":"Digital Services"},"content":{"rendered":"<style>\ntd, th {border: 0px solid #dddddd;<br \/>text-align: left;  padding: 8px;}<\/p>\n<\/style>\n<h3 style=\"text-align: left;\"><strong>What you are looking for, we provide.<br \/>\n<\/strong><\/h3>\n<p style=\"font-size: 120%; text-align: justify;\">The moments we live are marked by strong digital transformations. Technologies such as Artificial Intelligence, IoT, BigData and 5G profoundly change the way we live and do business. Digital is the driving force of our world. InteractIdeas is your trusted digital partner, for the following areas:<\/p>\n<p style=\"font-size: 120%; text-align: justify;\">- Web Presence<br \/>\n- Web Applications<br \/>\n- Digital Communication Strategies \/ Social Networking<br \/>\n- Mobile Application Development<br \/>\n- Augmented Reality \/ Virtual Reality<\/p>","protected":false},"excerpt":{"rendered":"<p>O que procura, n\u00f3s disponibilizamos. Os momentos que vivemos s\u00e3o marcados por fortes transforma\u00e7\u00f5es digitais. Tecnologias como a Intelig\u00eancia Artificial, a IoT, BigData e o 5G alteram profundamente a forma como vivemos e fazemos neg\u00f3cios. O digital \u00e9 a mola impulsionadora do nosso mundo. A interactIdeas \u00e9 seu parceiro digital de confian\u00e7a, para as seguintes [&hellip;]<\/p>","protected":false},"author":1,"featured_media":0,"parent":0,"menu_order":0,"comment_status":"closed","ping_status":"closed","template":"","meta":[],"yoast_head":"<!-- This site is optimized with the Yoast SEO plugin v16.4 - https:\/\/yoast.com\/wordpress\/plugins\/seo\/ -->\n<title>Servi\u00e7os Digitais - Interact Ideas<\/title>\n<meta name=\"robots\" content=\"index, follow, max-snippet:-1, max-image-preview:large, max-video-preview:-1\" \/>\n<link rel=\"canonical\" href=\"https:\/\/interactideas.pt\/en\/digital-services\/\" \/>\n<meta property=\"og:locale\" content=\"en_GB\" \/>\n<meta property=\"og:type\" content=\"article\" \/>\n<meta property=\"og:title\" content=\"Servi\u00e7os Digitais - Interact Ideas\" \/>\n<meta property=\"og:description\" content=\"O que procura, n\u00f3s disponibilizamos. Os momentos que vivemos s\u00e3o marcados por fortes transforma\u00e7\u00f5es digitais. Tecnologias como a Intelig\u00eancia Artificial, a IoT, BigData e o 5G alteram profundamente a forma como vivemos e fazemos neg\u00f3cios. O digital \u00e9 a mola impulsionadora do nosso mundo. A interactIdeas \u00e9 seu parceiro digital de confian\u00e7a, para as seguintes [&hellip;]\" \/>\n<meta property=\"og:url\" content=\"https:\/\/interactideas.pt\/en\/digital-services\/\" \/>\n<meta property=\"og:site_name\" content=\"Interact Ideas\" \/>\n<meta property=\"article:modified_time\" content=\"2021-02-22T21:46:49+00:00\" \/>\n<meta name=\"twitter:card\" content=\"summary_large_image\" \/>\n<script type=\"application\/ld+json\" class=\"yoast-schema-graph\">{\"@context\":\"https:\/\/schema.org\",\"@graph\":[{\"@type\":\"Organization\",\"@id\":\"https:\/\/interactideas.pt\/#organization\",\"name\":\"InteractIdeas\",\"url\":\"https:\/\/interactideas.pt\/\",\"sameAs\":[],\"logo\":{\"@type\":\"ImageObject\",\"@id\":\"https:\/\/interactideas.pt\/#logo\",\"inLanguage\":\"en-GB\",\"url\":\"https:\/\/interactideas.pt\/wp-content\/uploads\/2020\/11\/logointeract-wp1.png\",\"contentUrl\":\"https:\/\/interactideas.pt\/wp-content\/uploads\/2020\/11\/logointeract-wp1.png\",\"width\":114,\"height\":90,\"caption\":\"InteractIdeas\"},\"image\":{\"@id\":\"https:\/\/interactideas.pt\/#logo\"}},{\"@type\":\"WebSite\",\"@id\":\"https:\/\/interactideas.pt\/#website\",\"url\":\"https:\/\/interactideas.pt\/\",\"name\":\"Interact Ideas\",\"description\":\"\",\"publisher\":{\"@id\":\"https:\/\/interactideas.pt\/#organization\"},\"potentialAction\":[{\"@type\":\"SearchAction\",\"target\":\"https:\/\/interactideas.pt\/?s={search_term_string}\",\"query-input\":\"required name=search_term_string\"}],\"inLanguage\":\"en-GB\"},{\"@type\":\"WebPage\",\"@id\":\"https:\/\/interactideas.pt\/digital-services\/#webpage\",\"url\":\"https:\/\/interactideas.pt\/digital-services\/\",\"name\":\"Servi\\u00e7os Digitais - Interact Ideas\",\"isPartOf\":{\"@id\":\"https:\/\/interactideas.pt\/#website\"},\"datePublished\":\"2020-08-05T09:33:54+00:00\",\"dateModified\":\"2021-02-22T21:46:49+00:00\",\"breadcrumb\":{\"@id\":\"https:\/\/interactideas.pt\/digital-services\/#breadcrumb\"},\"inLanguage\":\"en-GB\",\"potentialAction\":[{\"@type\":\"ReadAction\",\"target\":[\"https:\/\/interactideas.pt\/digital-services\/\"]}]},{\"@type\":\"BreadcrumbList\",\"@id\":\"https:\/\/interactideas.pt\/digital-services\/#breadcrumb\",\"itemListElement\":[{\"@type\":\"ListItem\",\"position\":1,\"item\":{\"@type\":\"WebPage\",\"@id\":\"https:\/\/interactideas.pt\/\",\"url\":\"https:\/\/interactideas.pt\/\",\"name\":\"In\\u00edcio\"}},{\"@type\":\"ListItem\",\"position\":2,\"item\":{\"@id\":\"https:\/\/interactideas.pt\/digital-services\/#webpage\"}}]}]}<\/script>\n<!-- \/ Yoast SEO plugin. -->","_links":{"self":[{"href":"https:\/\/interactideas.pt\/en\/wp-json\/wp\/v2\/pages\/12"}],"collection":[{"href":"https:\/\/interactideas.pt\/en\/wp-json\/wp\/v2\/pages"}],"about":[{"href":"https:\/\/interactideas.pt\/en\/wp-json\/wp\/v2\/types\/page"}],"author":[{"embeddable":true,"href":"https:\/\/interactideas.pt\/en\/wp-json\/wp\/v2\/users\/1"}],"replies":[{"embeddable":true,"href":"https:\/\/interactideas.pt\/en\/wp-json\/wp\/v2\/comments?post=12"}],"version-history":[{"count":15,"href":"https:\/\/interactideas.pt\/en\/wp-json\/wp\/v2\/pages\/12\/revisions"}],"predecessor-version":[{"id":903,"href":"https:\/\/interactideas.pt\/en\/wp-json\/wp\/v2\/pages\/12\/revisions\/903"}],"wp:attachment":[{"href":"https:\/\/interactideas.pt\/en\/wp-json\/wp\/v2\/media?parent=12"}],"curies":[{"name":"wp","href":"https:\/\/api.w.org\/{rel}","templated":true}]}}