{"id":29,"date":"2020-08-05T09:37:32","date_gmt":"2020-08-05T09:37:32","guid":{"rendered":"https:\/\/interactideas.pt\/beta\/?page_id=29"},"modified":"2021-02-22T21:03:45","modified_gmt":"2021-02-22T21:03:45","slug":"gamification","status":"publish","type":"page","link":"https:\/\/interactideas.pt\/en\/gamification\/","title":{"rendered":"Gamification e GBL"},"content":{"rendered":"<style>\ntd, th {border: 0px solid #dddddd;<br \/>text-align: left;  padding: 8px;}<\/p>\n<\/style>\n<div class=\"vc_row wpb_row vc_row-fluid\"><\/div><div class=\"wpb_column vc_column_container vc_col-sm-12\"><div class=\"vc_column-inner\"><div class=\"wpb_wrapper\"><\/div><\/div><\/div>\n\t<div class=\"wpb_text_column wpb_content_element\" >\n\t\t<div class=\"wpb_wrapper\">\n\t\t\t\n\t\t<\/div>\n\t<\/div>\n<h3 style=\"text-align: left;\"><strong>Innovate in the Classroom - Educational Transformation with Games<\/strong><\/h3>\n<p style=\"font-size: 120%; text-align: justify;\">The processes of gamification and Game-Based Learning (GBA) applied to education have excellent results that have been empirically proven, according to American researcher and educator Edgar Dale.<\/p>\n<p style=\"font-size: 120%; text-align: justify;\">There are several reasons why the implementation of gamification and ABJ strategy should be integrated and implemented in educational settings, of which the following stand out:<\/p>\n<table>\n<tbody>\n<tr>\n<th><img class=\"wp-image-714 aligncenter\" src=\"https:\/\/interactideas.pt\/wp-content\/uploads\/2021\/02\/teamwork-together-273x300.png\" alt=\"\" width=\"95\" height=\"104\" srcset=\"https:\/\/interactideas.pt\/wp-content\/uploads\/2021\/02\/teamwork-together-273x300.png 273w, https:\/\/interactideas.pt\/wp-content\/uploads\/2021\/02\/teamwork-together-11x12.png 11w, https:\/\/interactideas.pt\/wp-content\/uploads\/2021\/02\/teamwork-together.png 466w\" sizes=\"(max-width: 95px) 100vw, 95px\" \/><\/th>\n<th><img class=\"wp-image-715 aligncenter\" src=\"https:\/\/interactideas.pt\/wp-content\/uploads\/2021\/02\/learning-machine-ai-280x300.png\" alt=\"\" width=\"96\" height=\"103\" srcset=\"https:\/\/interactideas.pt\/wp-content\/uploads\/2021\/02\/learning-machine-ai-280x300.png 280w, https:\/\/interactideas.pt\/wp-content\/uploads\/2021\/02\/learning-machine-ai-11x12.png 11w, https:\/\/interactideas.pt\/wp-content\/uploads\/2021\/02\/learning-machine-ai.png 479w\" sizes=\"(max-width: 96px) 100vw, 96px\" \/><\/th>\n<th><img class=\"wp-image-729 aligncenter\" src=\"https:\/\/interactideas.pt\/wp-content\/uploads\/2021\/02\/champion-winner-trophy-280x300.png\" alt=\"\" width=\"94\" height=\"101\" srcset=\"https:\/\/interactideas.pt\/wp-content\/uploads\/2021\/02\/champion-winner-trophy-280x300.png 280w, https:\/\/interactideas.pt\/wp-content\/uploads\/2021\/02\/champion-winner-trophy-11x12.png 11w, https:\/\/interactideas.pt\/wp-content\/uploads\/2021\/02\/champion-winner-trophy.png 478w\" sizes=\"(max-width: 94px) 100vw, 94px\" \/><\/th>\n<\/tr>\n<tr>\n<td><strong>Collaborative<\/strong> <strong>Learning<\/strong><\/td>\n<td><strong>Improve students' skills<\/strong><\/td>\n<td><strong>Motivating students to learn<\/strong><\/td>\n<\/tr>\n<tr>\n<td>Students learn to solve problems and achieve goals in a collaborative environment where the best of each is brought out<\/td>\n<td>Through innovative approaches motivate students to carry out the activities to develop critical 21st century skills<\/td>\n<td>With Gamification and ABJ, students learn through techniques that are part of their experiences and that motivate them to learn more and more.<\/td>\n<\/tr>\n<\/tbody>\n<\/table>\n<p style=\"font-size: 120%; text-align: justify;\">Get it touch with us to integrate innovative Gamification and ABJ strategies through the most proven effective and motivating approaches and tools in this strand of educational innovation.<\/p>\n<p><img class=\"aligncenter size-full wp-image-884\" src=\"https:\/\/interactideas.pt\/wp-content\/uploads\/2021\/02\/games_education.jpg\" alt=\"\" width=\"1920\" height=\"1280\" srcset=\"https:\/\/interactideas.pt\/wp-content\/uploads\/2021\/02\/games_education.jpg 1920w, https:\/\/interactideas.pt\/wp-content\/uploads\/2021\/02\/games_education-300x200.jpg 300w, https:\/\/interactideas.pt\/wp-content\/uploads\/2021\/02\/games_education-1024x683.jpg 1024w, https:\/\/interactideas.pt\/wp-content\/uploads\/2021\/02\/games_education-768x512.jpg 768w, https:\/\/interactideas.pt\/wp-content\/uploads\/2021\/02\/games_education-1536x1024.jpg 1536w, https:\/\/interactideas.pt\/wp-content\/uploads\/2021\/02\/games_education-16x12.jpg 16w\" sizes=\"(max-width: 1920px) 100vw, 1920px\" \/><\/p>","protected":false},"excerpt":{"rendered":"<p>Inovar na sala de Aula &#8211; A transforma\u00e7\u00e3o educacional com os Jogos Os processos de gamifica\u00e7\u00e3o e Aprendizagem Baseada em Jogos (ABJ) aplicados \u00e0 Educa\u00e7\u00e3o, t\u00eam excelentes resultados comprovados empiricamente, segundo o pesquisador e educador norte-americano, Edgar Dale. S\u00e3o v\u00e1rias as raz\u00f5es para que a implementa\u00e7\u00e3o da estrat\u00e9gia gamifica\u00e7\u00e3o e ABJ\u00a0 seja integrada e implementadas [&hellip;]<\/p>","protected":false},"author":1,"featured_media":0,"parent":0,"menu_order":0,"comment_status":"closed","ping_status":"closed","template":"","meta":[],"yoast_head":"<!-- This site is optimized with the Yoast SEO plugin v16.4 - https:\/\/yoast.com\/wordpress\/plugins\/seo\/ -->\n<title>Gamifica\u00e7\u00e3o e ABJ - Interact Ideas<\/title>\n<meta name=\"robots\" content=\"index, follow, max-snippet:-1, max-image-preview:large, max-video-preview:-1\" \/>\n<link rel=\"canonical\" href=\"https:\/\/interactideas.pt\/en\/gamification\/\" \/>\n<meta property=\"og:locale\" content=\"en_GB\" \/>\n<meta property=\"og:type\" content=\"article\" \/>\n<meta property=\"og:title\" content=\"Gamifica\u00e7\u00e3o e ABJ - Interact Ideas\" \/>\n<meta property=\"og:description\" content=\"Inovar na sala de Aula &#8211; A transforma\u00e7\u00e3o educacional com os Jogos Os processos de gamifica\u00e7\u00e3o e Aprendizagem Baseada em Jogos (ABJ) aplicados \u00e0 Educa\u00e7\u00e3o, t\u00eam excelentes resultados comprovados empiricamente, segundo o pesquisador e educador norte-americano, Edgar Dale. S\u00e3o v\u00e1rias as raz\u00f5es para que a implementa\u00e7\u00e3o da estrat\u00e9gia gamifica\u00e7\u00e3o e ABJ\u00a0 seja integrada e implementadas [&hellip;]\" \/>\n<meta property=\"og:url\" content=\"https:\/\/interactideas.pt\/en\/gamification\/\" \/>\n<meta property=\"og:site_name\" content=\"Interact Ideas\" \/>\n<meta property=\"article:modified_time\" content=\"2021-02-22T21:03:45+00:00\" \/>\n<meta property=\"og:image\" content=\"https:\/\/interactideas.pt\/wp-content\/uploads\/2021\/02\/teamwork-together-273x300.png\" \/>\n<meta name=\"twitter:card\" content=\"summary_large_image\" \/>\n<meta name=\"twitter:label1\" content=\"Estimated reading time\" \/>\n\t<meta name=\"twitter:data1\" content=\"1 minute\" \/>\n<script type=\"application\/ld+json\" class=\"yoast-schema-graph\">{\"@context\":\"https:\/\/schema.org\",\"@graph\":[{\"@type\":\"Organization\",\"@id\":\"https:\/\/interactideas.pt\/#organization\",\"name\":\"InteractIdeas\",\"url\":\"https:\/\/interactideas.pt\/\",\"sameAs\":[],\"logo\":{\"@type\":\"ImageObject\",\"@id\":\"https:\/\/interactideas.pt\/#logo\",\"inLanguage\":\"en-GB\",\"url\":\"https:\/\/interactideas.pt\/wp-content\/uploads\/2020\/11\/logointeract-wp1.png\",\"contentUrl\":\"https:\/\/interactideas.pt\/wp-content\/uploads\/2020\/11\/logointeract-wp1.png\",\"width\":114,\"height\":90,\"caption\":\"InteractIdeas\"},\"image\":{\"@id\":\"https:\/\/interactideas.pt\/#logo\"}},{\"@type\":\"WebSite\",\"@id\":\"https:\/\/interactideas.pt\/#website\",\"url\":\"https:\/\/interactideas.pt\/\",\"name\":\"Interact Ideas\",\"description\":\"\",\"publisher\":{\"@id\":\"https:\/\/interactideas.pt\/#organization\"},\"potentialAction\":[{\"@type\":\"SearchAction\",\"target\":\"https:\/\/interactideas.pt\/?s={search_term_string}\",\"query-input\":\"required name=search_term_string\"}],\"inLanguage\":\"en-GB\"},{\"@type\":\"ImageObject\",\"@id\":\"https:\/\/interactideas.pt\/gamification\/#primaryimage\",\"inLanguage\":\"en-GB\",\"url\":\"https:\/\/interactideas.pt\/wp-content\/uploads\/2021\/02\/teamwork-together.png\",\"contentUrl\":\"https:\/\/interactideas.pt\/wp-content\/uploads\/2021\/02\/teamwork-together.png\",\"width\":466,\"height\":512},{\"@type\":\"WebPage\",\"@id\":\"https:\/\/interactideas.pt\/gamification\/#webpage\",\"url\":\"https:\/\/interactideas.pt\/gamification\/\",\"name\":\"Gamifica\\u00e7\\u00e3o e ABJ - Interact Ideas\",\"isPartOf\":{\"@id\":\"https:\/\/interactideas.pt\/#website\"},\"primaryImageOfPage\":{\"@id\":\"https:\/\/interactideas.pt\/gamification\/#primaryimage\"},\"datePublished\":\"2020-08-05T09:37:32+00:00\",\"dateModified\":\"2021-02-22T21:03:45+00:00\",\"breadcrumb\":{\"@id\":\"https:\/\/interactideas.pt\/gamification\/#breadcrumb\"},\"inLanguage\":\"en-GB\",\"potentialAction\":[{\"@type\":\"ReadAction\",\"target\":[\"https:\/\/interactideas.pt\/gamification\/\"]}]},{\"@type\":\"BreadcrumbList\",\"@id\":\"https:\/\/interactideas.pt\/gamification\/#breadcrumb\",\"itemListElement\":[{\"@type\":\"ListItem\",\"position\":1,\"item\":{\"@type\":\"WebPage\",\"@id\":\"https:\/\/interactideas.pt\/\",\"url\":\"https:\/\/interactideas.pt\/\",\"name\":\"In\\u00edcio\"}},{\"@type\":\"ListItem\",\"position\":2,\"item\":{\"@id\":\"https:\/\/interactideas.pt\/gamification\/#webpage\"}}]}]}<\/script>\n<!-- \/ Yoast SEO plugin. -->","_links":{"self":[{"href":"https:\/\/interactideas.pt\/en\/wp-json\/wp\/v2\/pages\/29"}],"collection":[{"href":"https:\/\/interactideas.pt\/en\/wp-json\/wp\/v2\/pages"}],"about":[{"href":"https:\/\/interactideas.pt\/en\/wp-json\/wp\/v2\/types\/page"}],"author":[{"embeddable":true,"href":"https:\/\/interactideas.pt\/en\/wp-json\/wp\/v2\/users\/1"}],"replies":[{"embeddable":true,"href":"https:\/\/interactideas.pt\/en\/wp-json\/wp\/v2\/comments?post=29"}],"version-history":[{"count":28,"href":"https:\/\/interactideas.pt\/en\/wp-json\/wp\/v2\/pages\/29\/revisions"}],"predecessor-version":[{"id":886,"href":"https:\/\/interactideas.pt\/en\/wp-json\/wp\/v2\/pages\/29\/revisions\/886"}],"wp:attachment":[{"href":"https:\/\/interactideas.pt\/en\/wp-json\/wp\/v2\/media?parent=29"}],"curies":[{"name":"wp","href":"https:\/\/api.w.org\/{rel}","templated":true}]}}