{"id":30,"date":"2020-08-05T09:37:32","date_gmt":"2020-08-05T09:37:32","guid":{"rendered":"https:\/\/interactideas.pt\/beta\/?page_id=30"},"modified":"2021-02-21T19:52:41","modified_gmt":"2021-02-21T19:52:41","slug":"vr-ar","status":"publish","type":"page","link":"https:\/\/interactideas.pt\/en\/vr-ar\/","title":{"rendered":"VR &#038; AR"},"content":{"rendered":"<div class=\"vc_row wpb_row vc_row-fluid\"><\/div><div class=\"wpb_column vc_column_container vc_col-sm-12\"><div class=\"vc_column-inner\"><div class=\"wpb_wrapper\"><\/div><\/div><\/div><div class=\"vc_empty_space\"   style=\"height: 32px\"><span class=\"vc_empty_space_inner\"><\/span><\/div>\n\t<div class=\"wpb_text_column wpb_content_element\" >\n\t\t<div class=\"wpb_wrapper\">\n\t\t\t\n\t\t<\/div>\n\t<\/div>\n<h3 style=\"text-align: left;\"><strong>Virtual Reality (VR) and Augmented Reality (AR) in Education<\/strong><\/h3>\n<p style=\"font-size: 120%; text-align: justify;\">Two technologies that have enabled the creation and development of pedagogical environments that take the classroom and its dynamics to a new level.<\/p>\n<p style=\"font-size: 120%; text-align: justify;\">With Virtual Reality and Augmented Reality, as well as Mixed Reality (the 3 components of XR World), we have the opportunity to design, develop and implement immersive dynamics in the classroom. These technologies facilitate the exploration of the digital through virtual worlds (the student interact with a cell, explore the international space station), to overlap digital virtual worlds with the analog environment.<\/p>\n<p style=\"font-size: 120%; text-align: justify;\">XR technologies combined with dynamic and innovative teaching strategies elevate the classroom space into interactive learning environments that allow students to explore curricular topics through new approaches.<br \/>\nHowever, at InteractIDeas we don't want students to be mere consumers of technologies, we create the conditions for teachers and students to also be creators of VR and AR experiences, how?<br \/>\nContact us!<\/p>\n<p><img class=\"aligncenter wp-image-747\" src=\"https:\/\/interactideas.pt\/wp-content\/uploads\/2021\/02\/ra1-1024x682.jpg\" alt=\"\" width=\"640\" height=\"427\" srcset=\"https:\/\/interactideas.pt\/wp-content\/uploads\/2021\/02\/ra1-1024x682.jpg 1024w, https:\/\/interactideas.pt\/wp-content\/uploads\/2021\/02\/ra1-300x200.jpg 300w, https:\/\/interactideas.pt\/wp-content\/uploads\/2021\/02\/ra1-768x512.jpg 768w, https:\/\/interactideas.pt\/wp-content\/uploads\/2021\/02\/ra1-16x12.jpg 16w, https:\/\/interactideas.pt\/wp-content\/uploads\/2021\/02\/ra1.jpg 1280w\" sizes=\"(max-width: 640px) 100vw, 640px\" \/><\/p>\n<p>&nbsp;<\/p>","protected":false},"excerpt":{"rendered":"<p>Realidade Virtual (RV) e Realidade Aumentada (RA) na Educa\u00e7\u00e3o Duas tecnologias que t\u00eam permitem a cria\u00e7\u00e3o e desenvolvimento de ambientes pedag\u00f3gicos que levam a sala de aula e as suas din\u00e2micas para um novo patamar. Com a Realidade Virtual e a Realidade Aumentada, bem como a Realidade Mista (as 3 componentes do Mundo XR), temos [&hellip;]<\/p>","protected":false},"author":1,"featured_media":0,"parent":0,"menu_order":0,"comment_status":"closed","ping_status":"closed","template":"","meta":[],"yoast_head":"<!-- This site is optimized with the Yoast SEO plugin v16.4 - https:\/\/yoast.com\/wordpress\/plugins\/seo\/ -->\n<title>VR &amp; AR - Interact Ideas<\/title>\n<meta name=\"robots\" content=\"index, follow, max-snippet:-1, max-image-preview:large, max-video-preview:-1\" \/>\n<link rel=\"canonical\" href=\"https:\/\/interactideas.pt\/en\/vr-ar\/\" \/>\n<meta property=\"og:locale\" content=\"en_GB\" \/>\n<meta property=\"og:type\" content=\"article\" \/>\n<meta property=\"og:title\" content=\"VR &amp; AR - Interact Ideas\" \/>\n<meta property=\"og:description\" content=\"Realidade Virtual (RV) e Realidade Aumentada (RA) na Educa\u00e7\u00e3o Duas tecnologias que t\u00eam permitem a cria\u00e7\u00e3o e desenvolvimento de ambientes pedag\u00f3gicos que levam a sala de aula e as suas din\u00e2micas para um novo patamar. Com a Realidade Virtual e a Realidade Aumentada, bem como a Realidade Mista (as 3 componentes do Mundo XR), temos [&hellip;]\" \/>\n<meta property=\"og:url\" content=\"https:\/\/interactideas.pt\/en\/vr-ar\/\" \/>\n<meta property=\"og:site_name\" content=\"Interact Ideas\" \/>\n<meta property=\"article:modified_time\" content=\"2021-02-21T19:52:41+00:00\" \/>\n<meta property=\"og:image\" content=\"https:\/\/interactideas.pt\/wp-content\/uploads\/2021\/02\/ra1-1024x682.jpg\" \/>\n<meta name=\"twitter:card\" content=\"summary_large_image\" \/>\n<meta name=\"twitter:label1\" content=\"Estimated reading time\" \/>\n\t<meta name=\"twitter:data1\" content=\"1 minute\" \/>\n<script type=\"application\/ld+json\" class=\"yoast-schema-graph\">{\"@context\":\"https:\/\/schema.org\",\"@graph\":[{\"@type\":\"Organization\",\"@id\":\"https:\/\/interactideas.pt\/#organization\",\"name\":\"InteractIdeas\",\"url\":\"https:\/\/interactideas.pt\/\",\"sameAs\":[],\"logo\":{\"@type\":\"ImageObject\",\"@id\":\"https:\/\/interactideas.pt\/#logo\",\"inLanguage\":\"en-GB\",\"url\":\"https:\/\/interactideas.pt\/wp-content\/uploads\/2020\/11\/logointeract-wp1.png\",\"contentUrl\":\"https:\/\/interactideas.pt\/wp-content\/uploads\/2020\/11\/logointeract-wp1.png\",\"width\":114,\"height\":90,\"caption\":\"InteractIdeas\"},\"image\":{\"@id\":\"https:\/\/interactideas.pt\/#logo\"}},{\"@type\":\"WebSite\",\"@id\":\"https:\/\/interactideas.pt\/#website\",\"url\":\"https:\/\/interactideas.pt\/\",\"name\":\"Interact Ideas\",\"description\":\"\",\"publisher\":{\"@id\":\"https:\/\/interactideas.pt\/#organization\"},\"potentialAction\":[{\"@type\":\"SearchAction\",\"target\":\"https:\/\/interactideas.pt\/?s={search_term_string}\",\"query-input\":\"required name=search_term_string\"}],\"inLanguage\":\"en-GB\"},{\"@type\":\"ImageObject\",\"@id\":\"https:\/\/interactideas.pt\/vr-ar\/#primaryimage\",\"inLanguage\":\"en-GB\",\"url\":\"https:\/\/interactideas.pt\/wp-content\/uploads\/2021\/02\/ra1.jpg\",\"contentUrl\":\"https:\/\/interactideas.pt\/wp-content\/uploads\/2021\/02\/ra1.jpg\",\"width\":1280,\"height\":853},{\"@type\":\"WebPage\",\"@id\":\"https:\/\/interactideas.pt\/vr-ar\/#webpage\",\"url\":\"https:\/\/interactideas.pt\/vr-ar\/\",\"name\":\"VR & AR - Interact Ideas\",\"isPartOf\":{\"@id\":\"https:\/\/interactideas.pt\/#website\"},\"primaryImageOfPage\":{\"@id\":\"https:\/\/interactideas.pt\/vr-ar\/#primaryimage\"},\"datePublished\":\"2020-08-05T09:37:32+00:00\",\"dateModified\":\"2021-02-21T19:52:41+00:00\",\"breadcrumb\":{\"@id\":\"https:\/\/interactideas.pt\/vr-ar\/#breadcrumb\"},\"inLanguage\":\"en-GB\",\"potentialAction\":[{\"@type\":\"ReadAction\",\"target\":[\"https:\/\/interactideas.pt\/vr-ar\/\"]}]},{\"@type\":\"BreadcrumbList\",\"@id\":\"https:\/\/interactideas.pt\/vr-ar\/#breadcrumb\",\"itemListElement\":[{\"@type\":\"ListItem\",\"position\":1,\"item\":{\"@type\":\"WebPage\",\"@id\":\"https:\/\/interactideas.pt\/\",\"url\":\"https:\/\/interactideas.pt\/\",\"name\":\"In\\u00edcio\"}},{\"@type\":\"ListItem\",\"position\":2,\"item\":{\"@id\":\"https:\/\/interactideas.pt\/vr-ar\/#webpage\"}}]}]}<\/script>\n<!-- \/ Yoast SEO plugin. -->","_links":{"self":[{"href":"https:\/\/interactideas.pt\/en\/wp-json\/wp\/v2\/pages\/30"}],"collection":[{"href":"https:\/\/interactideas.pt\/en\/wp-json\/wp\/v2\/pages"}],"about":[{"href":"https:\/\/interactideas.pt\/en\/wp-json\/wp\/v2\/types\/page"}],"author":[{"embeddable":true,"href":"https:\/\/interactideas.pt\/en\/wp-json\/wp\/v2\/users\/1"}],"replies":[{"embeddable":true,"href":"https:\/\/interactideas.pt\/en\/wp-json\/wp\/v2\/comments?post=30"}],"version-history":[{"count":48,"href":"https:\/\/interactideas.pt\/en\/wp-json\/wp\/v2\/pages\/30\/revisions"}],"predecessor-version":[{"id":848,"href":"https:\/\/interactideas.pt\/en\/wp-json\/wp\/v2\/pages\/30\/revisions\/848"}],"wp:attachment":[{"href":"https:\/\/interactideas.pt\/en\/wp-json\/wp\/v2\/media?parent=30"}],"curies":[{"name":"wp","href":"https:\/\/api.w.org\/{rel}","templated":true}]}}