{"id":31,"date":"2020-08-05T09:37:32","date_gmt":"2020-08-05T09:37:32","guid":{"rendered":"https:\/\/interactideas.pt\/beta\/?page_id=31"},"modified":"2021-02-21T19:41:18","modified_gmt":"2021-02-21T19:41:18","slug":"consultadoria-inovacao","status":"publish","type":"page","link":"https:\/\/interactideas.pt\/en\/consultadoria-inovacao\/","title":{"rendered":"Consulting\/Innovation"},"content":{"rendered":"<div class=\"vc_row wpb_row vc_row-fluid\"><\/div><div class=\"wpb_column vc_column_container vc_col-sm-12\"><div class=\"vc_column-inner\"><div class=\"wpb_wrapper\"><\/div><\/div><\/div>\n\t<div class=\"wpb_text_column wpb_content_element\" >\n\t\t<div class=\"wpb_wrapper\">\n\t\t\t\n\t\t<\/div>\n\t<\/div>\n<h3 style=\"text-align: left;\"><strong>We are specialised in Education!<\/strong><\/h3>\n<p style=\"font-size: 120%; text-align: justify;\">With many years linked to education in the field of pedagogical innovation, with a focus on Digital Technologies, Interactideas' team is highly qualified to facilitate the implementation of innovative educational contexts in a complex panorama of education in Portugal and in the world, given the enormous challenges posed today.<\/p>\n<p style=\"font-size: 120%; text-align: justify;\">We want to be your partner in order to identify the best solutions and strategies, according to your specific context, that will allow teachers and students to develop the ideal contexts that facilitate the development of curricular and extracurricular activities guided towards the promotion of academic success and the acquisition of key competencies for today's and tomorrow's world.<\/p>\n<p style=\"font-size: 120%; text-align: justify;\">We organize educational consulting projects in the implementation of specific projects, the design of appropriate training plans, the design of innovative educational spaces side by side with the potentials already existing in your institution.<\/p>\n<p style=\"font-size: 120%; text-align: justify;\"><strong>Talk to us, we are the ideal partner to help you innovate in and in Education.<br \/>\n<\/strong><\/p>\n<p>&nbsp;<\/p>\n<p><img class=\"aligncenter size-full wp-image-758\" src=\"https:\/\/interactideas.pt\/wp-content\/uploads\/2021\/02\/forward-1274244_640.jpg\" alt=\"\" width=\"640\" height=\"212\" srcset=\"https:\/\/interactideas.pt\/wp-content\/uploads\/2021\/02\/forward-1274244_640.jpg 640w, https:\/\/interactideas.pt\/wp-content\/uploads\/2021\/02\/forward-1274244_640-300x99.jpg 300w, https:\/\/interactideas.pt\/wp-content\/uploads\/2021\/02\/forward-1274244_640-16x5.jpg 16w\" sizes=\"(max-width: 640px) 100vw, 640px\" \/><\/p>","protected":false},"excerpt":{"rendered":"<p>Especializamo-nos em Educa\u00e7\u00e3o! Com muitos anos ligados \u00e0 Educa\u00e7\u00e3o no campo da inova\u00e7\u00e3o pedag\u00f3gica, com foco nas Tecnologias Digitais, a equipa da Interactideas est\u00e1 amplamente capacitada para facilitar a implmenta\u00e7\u00e3o de contextos educativos inovadores num panorama complexo da educa\u00e7\u00e3o em Portugal e no mundo, face aos enormes desafios que hoje s\u00e3o colocados. Queremos ser o [&hellip;]<\/p>","protected":false},"author":1,"featured_media":0,"parent":0,"menu_order":0,"comment_status":"closed","ping_status":"closed","template":"","meta":[],"yoast_head":"<!-- This site is optimized with the Yoast SEO plugin v16.4 - https:\/\/yoast.com\/wordpress\/plugins\/seo\/ -->\n<title>Consultadoria\/Inova\u00e7\u00e3o - Interact Ideas<\/title>\n<meta name=\"robots\" content=\"index, follow, max-snippet:-1, max-image-preview:large, max-video-preview:-1\" \/>\n<link rel=\"canonical\" href=\"https:\/\/interactideas.pt\/en\/consultadoria-inovacao\/\" \/>\n<meta property=\"og:locale\" content=\"en_GB\" \/>\n<meta property=\"og:type\" content=\"article\" \/>\n<meta property=\"og:title\" content=\"Consultadoria\/Inova\u00e7\u00e3o - Interact Ideas\" \/>\n<meta property=\"og:description\" content=\"Especializamo-nos em Educa\u00e7\u00e3o! Com muitos anos ligados \u00e0 Educa\u00e7\u00e3o no campo da inova\u00e7\u00e3o pedag\u00f3gica, com foco nas Tecnologias Digitais, a equipa da Interactideas est\u00e1 amplamente capacitada para facilitar a implmenta\u00e7\u00e3o de contextos educativos inovadores num panorama complexo da educa\u00e7\u00e3o em Portugal e no mundo, face aos enormes desafios que hoje s\u00e3o colocados. Queremos ser o [&hellip;]\" \/>\n<meta property=\"og:url\" content=\"https:\/\/interactideas.pt\/en\/consultadoria-inovacao\/\" \/>\n<meta property=\"og:site_name\" content=\"Interact Ideas\" \/>\n<meta property=\"article:modified_time\" content=\"2021-02-21T19:41:18+00:00\" \/>\n<meta property=\"og:image\" content=\"https:\/\/interactideas.pt\/wp-content\/uploads\/2021\/02\/forward-1274244_640.jpg\" \/>\n<meta name=\"twitter:card\" content=\"summary_large_image\" \/>\n<meta name=\"twitter:label1\" content=\"Estimated reading time\" \/>\n\t<meta name=\"twitter:data1\" content=\"1 minute\" \/>\n<script type=\"application\/ld+json\" class=\"yoast-schema-graph\">{\"@context\":\"https:\/\/schema.org\",\"@graph\":[{\"@type\":\"Organization\",\"@id\":\"https:\/\/interactideas.pt\/#organization\",\"name\":\"InteractIdeas\",\"url\":\"https:\/\/interactideas.pt\/\",\"sameAs\":[],\"logo\":{\"@type\":\"ImageObject\",\"@id\":\"https:\/\/interactideas.pt\/#logo\",\"inLanguage\":\"en-GB\",\"url\":\"https:\/\/interactideas.pt\/wp-content\/uploads\/2020\/11\/logointeract-wp1.png\",\"contentUrl\":\"https:\/\/interactideas.pt\/wp-content\/uploads\/2020\/11\/logointeract-wp1.png\",\"width\":114,\"height\":90,\"caption\":\"InteractIdeas\"},\"image\":{\"@id\":\"https:\/\/interactideas.pt\/#logo\"}},{\"@type\":\"WebSite\",\"@id\":\"https:\/\/interactideas.pt\/#website\",\"url\":\"https:\/\/interactideas.pt\/\",\"name\":\"Interact Ideas\",\"description\":\"\",\"publisher\":{\"@id\":\"https:\/\/interactideas.pt\/#organization\"},\"potentialAction\":[{\"@type\":\"SearchAction\",\"target\":\"https:\/\/interactideas.pt\/?s={search_term_string}\",\"query-input\":\"required name=search_term_string\"}],\"inLanguage\":\"en-GB\"},{\"@type\":\"ImageObject\",\"@id\":\"https:\/\/interactideas.pt\/consultadoria-inovacao\/#primaryimage\",\"inLanguage\":\"en-GB\",\"url\":\"https:\/\/interactideas.pt\/wp-content\/uploads\/2021\/02\/forward-1274244_640.jpg\",\"contentUrl\":\"https:\/\/interactideas.pt\/wp-content\/uploads\/2021\/02\/forward-1274244_640.jpg\",\"width\":640,\"height\":212},{\"@type\":\"WebPage\",\"@id\":\"https:\/\/interactideas.pt\/consultadoria-inovacao\/#webpage\",\"url\":\"https:\/\/interactideas.pt\/consultadoria-inovacao\/\",\"name\":\"Consultadoria\/Inova\\u00e7\\u00e3o - Interact Ideas\",\"isPartOf\":{\"@id\":\"https:\/\/interactideas.pt\/#website\"},\"primaryImageOfPage\":{\"@id\":\"https:\/\/interactideas.pt\/consultadoria-inovacao\/#primaryimage\"},\"datePublished\":\"2020-08-05T09:37:32+00:00\",\"dateModified\":\"2021-02-21T19:41:18+00:00\",\"breadcrumb\":{\"@id\":\"https:\/\/interactideas.pt\/consultadoria-inovacao\/#breadcrumb\"},\"inLanguage\":\"en-GB\",\"potentialAction\":[{\"@type\":\"ReadAction\",\"target\":[\"https:\/\/interactideas.pt\/consultadoria-inovacao\/\"]}]},{\"@type\":\"BreadcrumbList\",\"@id\":\"https:\/\/interactideas.pt\/consultadoria-inovacao\/#breadcrumb\",\"itemListElement\":[{\"@type\":\"ListItem\",\"position\":1,\"item\":{\"@type\":\"WebPage\",\"@id\":\"https:\/\/interactideas.pt\/\",\"url\":\"https:\/\/interactideas.pt\/\",\"name\":\"In\\u00edcio\"}},{\"@type\":\"ListItem\",\"position\":2,\"item\":{\"@id\":\"https:\/\/interactideas.pt\/consultadoria-inovacao\/#webpage\"}}]}]}<\/script>\n<!-- \/ Yoast SEO plugin. -->","_links":{"self":[{"href":"https:\/\/interactideas.pt\/en\/wp-json\/wp\/v2\/pages\/31"}],"collection":[{"href":"https:\/\/interactideas.pt\/en\/wp-json\/wp\/v2\/pages"}],"about":[{"href":"https:\/\/interactideas.pt\/en\/wp-json\/wp\/v2\/types\/page"}],"author":[{"embeddable":true,"href":"https:\/\/interactideas.pt\/en\/wp-json\/wp\/v2\/users\/1"}],"replies":[{"embeddable":true,"href":"https:\/\/interactideas.pt\/en\/wp-json\/wp\/v2\/comments?post=31"}],"version-history":[{"count":9,"href":"https:\/\/interactideas.pt\/en\/wp-json\/wp\/v2\/pages\/31\/revisions"}],"predecessor-version":[{"id":834,"href":"https:\/\/interactideas.pt\/en\/wp-json\/wp\/v2\/pages\/31\/revisions\/834"}],"wp:attachment":[{"href":"https:\/\/interactideas.pt\/en\/wp-json\/wp\/v2\/media?parent=31"}],"curies":[{"name":"wp","href":"https:\/\/api.w.org\/{rel}","templated":true}]}}