{"id":44,"date":"2020-08-05T09:50:15","date_gmt":"2020-08-05T09:50:15","guid":{"rendered":"https:\/\/interactideas.pt\/beta\/?page_id=44"},"modified":"2021-02-21T19:44:39","modified_gmt":"2021-02-21T19:44:39","slug":"erasmus","status":"publish","type":"page","link":"https:\/\/interactideas.pt\/en\/erasmus\/","title":{"rendered":"Erasmus+"},"content":{"rendered":"<div class=\"vc_row wpb_row vc_row-fluid\"><div class=\"wpb_column vc_column_container vc_col-sm-12\"><div class=\"vc_column-inner\"><div class=\"wpb_wrapper\">\n\t<div class=\"wpb_text_column wpb_content_element\" >\n\t\t<div class=\"wpb_wrapper\">\n\t\t\t<h3 style=\"text-align: left;\"><strong>\u00a0| International Internships | Job Shadowing<\/strong><\/h3>\n<p style=\"font-size: 120%; text-align: justify;\">In the context of Erasmus+ and other EU programmes, the <strong>Interactideas<\/strong> act as:<\/p>\n<p style=\"font-size: 120%; text-align: justify;\">Host organization in Portugal, hosting students <strong>Erasmus<\/strong> involved in mobility projects.<\/p>\n<p style=\"font-size: 120%; text-align: justify;\">Organization of sending, through the implementation of mobility projects for citizens of Portugal who wish to carry out training\/work\/voluntary experiences in other countries of the <strong>EU<\/strong> who wish to undertake training\/work\/voluntary experience in other EU countries. <strong>UE<\/strong>.<\/p>\n<p style=\"font-size: 120%; text-align: justify;\">We welcome students from any country in <strong>European Union<\/strong> and put them on internship in companies in Portugal, dealing with the whole logistical and bureaucratic process.<\/p>\n\n\t\t<\/div>\n\t<\/div>\n<\/div><\/div><\/div><\/div><div class=\"vc_row wpb_row vc_row-fluid\"><div class=\"wpb_column vc_column_container vc_col-sm-12\"><div class=\"vc_column-inner\"><div class=\"wpb_wrapper\"><div class=\"vc_empty_space\"   style=\"height: 52px\"><span class=\"vc_empty_space_inner\"><\/span><\/div><\/div><\/div><\/div><\/div><div class=\"vc_row wpb_row vc_row-fluid\"><div class=\"wpb_column vc_column_container vc_col-sm-12\"><div class=\"vc_column-inner\"><div class=\"wpb_wrapper\"><figure class=\"sc_image  alignleft sc_image_shape_square margin_top_null margin_right_huge margin_bottom_medium margin_left_huge\" data-animation=\"animated rollIn normal\"><a href=\"https:\/\/interactideas.pt\/en\/contactos\/\"><img src=\"https:\/\/interactideas.pt\/wp-content\/uploads\/2020\/11\/erasmus-plus-ka102-1200x800-1.jpg\" alt=\"\" \/><\/a><\/figure><\/div><\/div><\/div><\/div>","protected":false},"excerpt":{"rendered":"\u00a0| Est\u00e1gios internacionais | Job Shadowing No contexto do Erasmus+ e de outros programas da UE, a Interactideas actua como: Organiza\u00e7\u00e3o de acolhimento em Portugal, acolhendo estudantes Erasmus envolvidos em projectos de mobilidade. Organiza\u00e7\u00e3o de envio, atrav\u00e9s da implementa\u00e7\u00e3o de projectos de mobilidade destinados a cidad\u00e3os de Portugal que pretendem realizar experi\u00eancias de forma\u00e7\u00e3o\/trabalho\/voluntariado noutros [...]","protected":false},"author":1,"featured_media":0,"parent":0,"menu_order":0,"comment_status":"closed","ping_status":"closed","template":"","meta":[],"yoast_head":"<!-- This site is optimized with the Yoast SEO plugin v16.4 - https:\/\/yoast.com\/wordpress\/plugins\/seo\/ -->\n<title>Erasmus+ - Interact Ideas<\/title>\n<meta name=\"robots\" content=\"index, follow, max-snippet:-1, max-image-preview:large, max-video-preview:-1\" \/>\n<link rel=\"canonical\" href=\"https:\/\/interactideas.pt\/en\/erasmus\/\" \/>\n<meta property=\"og:locale\" content=\"en_GB\" \/>\n<meta property=\"og:type\" content=\"article\" \/>\n<meta property=\"og:title\" content=\"Erasmus+ - Interact Ideas\" \/>\n<meta property=\"og:url\" content=\"https:\/\/interactideas.pt\/en\/erasmus\/\" \/>\n<meta property=\"og:site_name\" content=\"Interact Ideas\" \/>\n<meta property=\"article:modified_time\" content=\"2021-02-21T19:44:39+00:00\" \/>\n<meta name=\"twitter:card\" content=\"summary_large_image\" \/>\n<meta name=\"twitter:label1\" content=\"Estimated reading time\" \/>\n\t<meta name=\"twitter:data1\" content=\"1 minute\" \/>\n<script type=\"application\/ld+json\" class=\"yoast-schema-graph\">{\"@context\":\"https:\/\/schema.org\",\"@graph\":[{\"@type\":\"Organization\",\"@id\":\"https:\/\/interactideas.pt\/#organization\",\"name\":\"InteractIdeas\",\"url\":\"https:\/\/interactideas.pt\/\",\"sameAs\":[],\"logo\":{\"@type\":\"ImageObject\",\"@id\":\"https:\/\/interactideas.pt\/#logo\",\"inLanguage\":\"en-GB\",\"url\":\"https:\/\/interactideas.pt\/wp-content\/uploads\/2020\/11\/logointeract-wp1.png\",\"contentUrl\":\"https:\/\/interactideas.pt\/wp-content\/uploads\/2020\/11\/logointeract-wp1.png\",\"width\":114,\"height\":90,\"caption\":\"InteractIdeas\"},\"image\":{\"@id\":\"https:\/\/interactideas.pt\/#logo\"}},{\"@type\":\"WebSite\",\"@id\":\"https:\/\/interactideas.pt\/#website\",\"url\":\"https:\/\/interactideas.pt\/\",\"name\":\"Interact Ideas\",\"description\":\"\",\"publisher\":{\"@id\":\"https:\/\/interactideas.pt\/#organization\"},\"potentialAction\":[{\"@type\":\"SearchAction\",\"target\":\"https:\/\/interactideas.pt\/?s={search_term_string}\",\"query-input\":\"required name=search_term_string\"}],\"inLanguage\":\"en-GB\"},{\"@type\":\"WebPage\",\"@id\":\"https:\/\/interactideas.pt\/erasmus\/#webpage\",\"url\":\"https:\/\/interactideas.pt\/erasmus\/\",\"name\":\"Erasmus+ - Interact Ideas\",\"isPartOf\":{\"@id\":\"https:\/\/interactideas.pt\/#website\"},\"datePublished\":\"2020-08-05T09:50:15+00:00\",\"dateModified\":\"2021-02-21T19:44:39+00:00\",\"breadcrumb\":{\"@id\":\"https:\/\/interactideas.pt\/erasmus\/#breadcrumb\"},\"inLanguage\":\"en-GB\",\"potentialAction\":[{\"@type\":\"ReadAction\",\"target\":[\"https:\/\/interactideas.pt\/erasmus\/\"]}]},{\"@type\":\"BreadcrumbList\",\"@id\":\"https:\/\/interactideas.pt\/erasmus\/#breadcrumb\",\"itemListElement\":[{\"@type\":\"ListItem\",\"position\":1,\"item\":{\"@type\":\"WebPage\",\"@id\":\"https:\/\/interactideas.pt\/\",\"url\":\"https:\/\/interactideas.pt\/\",\"name\":\"In\\u00edcio\"}},{\"@type\":\"ListItem\",\"position\":2,\"item\":{\"@id\":\"https:\/\/interactideas.pt\/erasmus\/#webpage\"}}]}]}<\/script>\n<!-- \/ Yoast SEO plugin. -->","_links":{"self":[{"href":"https:\/\/interactideas.pt\/en\/wp-json\/wp\/v2\/pages\/44"}],"collection":[{"href":"https:\/\/interactideas.pt\/en\/wp-json\/wp\/v2\/pages"}],"about":[{"href":"https:\/\/interactideas.pt\/en\/wp-json\/wp\/v2\/types\/page"}],"author":[{"embeddable":true,"href":"https:\/\/interactideas.pt\/en\/wp-json\/wp\/v2\/users\/1"}],"replies":[{"embeddable":true,"href":"https:\/\/interactideas.pt\/en\/wp-json\/wp\/v2\/comments?post=44"}],"version-history":[{"count":10,"href":"https:\/\/interactideas.pt\/en\/wp-json\/wp\/v2\/pages\/44\/revisions"}],"predecessor-version":[{"id":839,"href":"https:\/\/interactideas.pt\/en\/wp-json\/wp\/v2\/pages\/44\/revisions\/839"}],"wp:attachment":[{"href":"https:\/\/interactideas.pt\/en\/wp-json\/wp\/v2\/media?parent=44"}],"curies":[{"name":"wp","href":"https:\/\/api.w.org\/{rel}","templated":true}]}}