{"id":45,"date":"2020-08-05T09:50:15","date_gmt":"2020-08-05T09:50:15","guid":{"rendered":"https:\/\/interactideas.pt\/beta\/?page_id=45"},"modified":"2021-02-22T21:08:53","modified_gmt":"2021-02-22T21:08:53","slug":"empresas","status":"publish","type":"page","link":"https:\/\/interactideas.pt\/en\/empresas\/","title":{"rendered":"Companies"},"content":{"rendered":"<style>\nth,tr,td { border:0px;}<\/p>\n<\/style>\n<h3 style=\"text-align: left;\"><strong>Digital Training Solutions<\/strong><\/h3>\n<p style=\"font-size: 120%; text-align: justify;\">We believe that training is fundamental to the development and growth of the <strong>companies<\/strong> and their <strong>collaborators.<\/strong>Even more so in the current context of strong and constant disruptions, transformations, and impacts, which are increasingly happening at a faster pace, caused by Digital Transformation, which forces companies to be in constant innovation processes.<\/p>\n<p style=\"font-size: 120%; text-align: justify;\">We developed <strong>training and tailored solutions<\/strong>adapting the programmes to the reality and needs of each client, through dynamic methodologies, adapted to professional practice and the growth of the <strong>people<\/strong> and <strong>companies<\/strong>.<\/p>\n<p style=\"font-size: 120%; text-align: justify;\"><strong>Our Specialized training area is emerging technologies in the digital empowerment of your company....We innovate in training...<a href=\"https:\/\/interactideas.pt\/en\/contactos\/\">Contact us!<\/a>!!<\/strong><\/p>\n<table>\n<tbody>\n<tr>\n<td><img class=\"aligncenter wp-image-801\" src=\"https:\/\/interactideas.pt\/wp-content\/uploads\/2021\/02\/2-300x199.jpg\" alt=\"\" width=\"370\" height=\"246\" srcset=\"https:\/\/interactideas.pt\/wp-content\/uploads\/2021\/02\/2-300x199.jpg 300w, https:\/\/interactideas.pt\/wp-content\/uploads\/2021\/02\/2-1024x680.jpg 1024w, https:\/\/interactideas.pt\/wp-content\/uploads\/2021\/02\/2-768x510.jpg 768w, https:\/\/interactideas.pt\/wp-content\/uploads\/2021\/02\/2-1536x1020.jpg 1536w, https:\/\/interactideas.pt\/wp-content\/uploads\/2021\/02\/2-16x12.jpg 16w, https:\/\/interactideas.pt\/wp-content\/uploads\/2021\/02\/2.jpg 1920w\" sizes=\"(max-width: 370px) 100vw, 370px\" \/><\/td>\n<td><img class=\"aligncenter wp-image-800\" src=\"https:\/\/interactideas.pt\/wp-content\/uploads\/2021\/02\/1-300x200.jpg\" alt=\"\" width=\"370\" height=\"247\" srcset=\"https:\/\/interactideas.pt\/wp-content\/uploads\/2021\/02\/1-300x200.jpg 300w, https:\/\/interactideas.pt\/wp-content\/uploads\/2021\/02\/1-1024x683.jpg 1024w, https:\/\/interactideas.pt\/wp-content\/uploads\/2021\/02\/1-768x512.jpg 768w, https:\/\/interactideas.pt\/wp-content\/uploads\/2021\/02\/1-1536x1025.jpg 1536w, https:\/\/interactideas.pt\/wp-content\/uploads\/2021\/02\/1-16x12.jpg 16w, https:\/\/interactideas.pt\/wp-content\/uploads\/2021\/02\/1.jpg 1920w\" sizes=\"(max-width: 370px) 100vw, 370px\" \/><\/td>\n<td><img class=\"aligncenter wp-image-805\" src=\"https:\/\/interactideas.pt\/wp-content\/uploads\/2021\/02\/4-300x200.jpg\" alt=\"\" width=\"370\" height=\"247\" srcset=\"https:\/\/interactideas.pt\/wp-content\/uploads\/2021\/02\/4-300x200.jpg 300w, https:\/\/interactideas.pt\/wp-content\/uploads\/2021\/02\/4-16x12.jpg 16w, https:\/\/interactideas.pt\/wp-content\/uploads\/2021\/02\/4.jpg 640w\" sizes=\"(max-width: 370px) 100vw, 370px\" \/><\/td>\n<\/tr>\n<\/tbody>\n<\/table>","protected":false},"excerpt":{"rendered":"<p>Solu\u00e7\u00f5es de Forma\u00e7\u00e3o Digital Acreditamos que a forma\u00e7\u00e3o \u00e9 fundamental para o desenvolvimento e crescimento das empresas e dos seus colaboradores. Mais ainda no atual contexto de fortes e constantes ruturas, transforma\u00e7\u00f5es e impactos, que acontecem cada vez mais a ritmos mais r\u00e1pidos, provocados pela Transforma\u00e7\u00e3o Digital, em que obriga as empresas a estarem em [&hellip;]<\/p>","protected":false},"author":1,"featured_media":0,"parent":0,"menu_order":0,"comment_status":"closed","ping_status":"closed","template":"","meta":[],"yoast_head":"<!-- This site is optimized with the Yoast SEO plugin v16.4 - https:\/\/yoast.com\/wordpress\/plugins\/seo\/ -->\n<title>Empresas - Interact Ideas<\/title>\n<meta name=\"robots\" content=\"index, follow, max-snippet:-1, max-image-preview:large, max-video-preview:-1\" \/>\n<link rel=\"canonical\" href=\"https:\/\/interactideas.pt\/en\/empresas\/\" \/>\n<meta property=\"og:locale\" content=\"en_GB\" \/>\n<meta property=\"og:type\" content=\"article\" \/>\n<meta property=\"og:title\" content=\"Empresas - Interact Ideas\" \/>\n<meta property=\"og:description\" content=\"Solu\u00e7\u00f5es de Forma\u00e7\u00e3o Digital Acreditamos que a forma\u00e7\u00e3o \u00e9 fundamental para o desenvolvimento e crescimento das empresas e dos seus colaboradores. Mais ainda no atual contexto de fortes e constantes ruturas, transforma\u00e7\u00f5es e impactos, que acontecem cada vez mais a ritmos mais r\u00e1pidos, provocados pela Transforma\u00e7\u00e3o Digital, em que obriga as empresas a estarem em [&hellip;]\" \/>\n<meta property=\"og:url\" content=\"https:\/\/interactideas.pt\/en\/empresas\/\" \/>\n<meta property=\"og:site_name\" content=\"Interact Ideas\" \/>\n<meta property=\"article:modified_time\" content=\"2021-02-22T21:08:53+00:00\" \/>\n<meta property=\"og:image\" content=\"https:\/\/interactideas.pt\/wp-content\/uploads\/2021\/02\/2-300x199.jpg\" \/>\n<meta name=\"twitter:card\" content=\"summary_large_image\" \/>\n<meta name=\"twitter:label1\" content=\"Estimated reading time\" \/>\n\t<meta name=\"twitter:data1\" content=\"1 minute\" \/>\n<script type=\"application\/ld+json\" class=\"yoast-schema-graph\">{\"@context\":\"https:\/\/schema.org\",\"@graph\":[{\"@type\":\"Organization\",\"@id\":\"https:\/\/interactideas.pt\/#organization\",\"name\":\"InteractIdeas\",\"url\":\"https:\/\/interactideas.pt\/\",\"sameAs\":[],\"logo\":{\"@type\":\"ImageObject\",\"@id\":\"https:\/\/interactideas.pt\/#logo\",\"inLanguage\":\"en-GB\",\"url\":\"https:\/\/interactideas.pt\/wp-content\/uploads\/2020\/11\/logointeract-wp1.png\",\"contentUrl\":\"https:\/\/interactideas.pt\/wp-content\/uploads\/2020\/11\/logointeract-wp1.png\",\"width\":114,\"height\":90,\"caption\":\"InteractIdeas\"},\"image\":{\"@id\":\"https:\/\/interactideas.pt\/#logo\"}},{\"@type\":\"WebSite\",\"@id\":\"https:\/\/interactideas.pt\/#website\",\"url\":\"https:\/\/interactideas.pt\/\",\"name\":\"Interact Ideas\",\"description\":\"\",\"publisher\":{\"@id\":\"https:\/\/interactideas.pt\/#organization\"},\"potentialAction\":[{\"@type\":\"SearchAction\",\"target\":\"https:\/\/interactideas.pt\/?s={search_term_string}\",\"query-input\":\"required name=search_term_string\"}],\"inLanguage\":\"en-GB\"},{\"@type\":\"ImageObject\",\"@id\":\"https:\/\/interactideas.pt\/empresas\/#primaryimage\",\"inLanguage\":\"en-GB\",\"url\":\"https:\/\/interactideas.pt\/wp-content\/uploads\/2021\/02\/2.jpg\",\"contentUrl\":\"https:\/\/interactideas.pt\/wp-content\/uploads\/2021\/02\/2.jpg\",\"width\":1920,\"height\":1275},{\"@type\":\"WebPage\",\"@id\":\"https:\/\/interactideas.pt\/empresas\/#webpage\",\"url\":\"https:\/\/interactideas.pt\/empresas\/\",\"name\":\"Empresas - Interact Ideas\",\"isPartOf\":{\"@id\":\"https:\/\/interactideas.pt\/#website\"},\"primaryImageOfPage\":{\"@id\":\"https:\/\/interactideas.pt\/empresas\/#primaryimage\"},\"datePublished\":\"2020-08-05T09:50:15+00:00\",\"dateModified\":\"2021-02-22T21:08:53+00:00\",\"breadcrumb\":{\"@id\":\"https:\/\/interactideas.pt\/empresas\/#breadcrumb\"},\"inLanguage\":\"en-GB\",\"potentialAction\":[{\"@type\":\"ReadAction\",\"target\":[\"https:\/\/interactideas.pt\/empresas\/\"]}]},{\"@type\":\"BreadcrumbList\",\"@id\":\"https:\/\/interactideas.pt\/empresas\/#breadcrumb\",\"itemListElement\":[{\"@type\":\"ListItem\",\"position\":1,\"item\":{\"@type\":\"WebPage\",\"@id\":\"https:\/\/interactideas.pt\/\",\"url\":\"https:\/\/interactideas.pt\/\",\"name\":\"In\\u00edcio\"}},{\"@type\":\"ListItem\",\"position\":2,\"item\":{\"@id\":\"https:\/\/interactideas.pt\/empresas\/#webpage\"}}]}]}<\/script>\n<!-- \/ Yoast SEO plugin. -->","_links":{"self":[{"href":"https:\/\/interactideas.pt\/en\/wp-json\/wp\/v2\/pages\/45"}],"collection":[{"href":"https:\/\/interactideas.pt\/en\/wp-json\/wp\/v2\/pages"}],"about":[{"href":"https:\/\/interactideas.pt\/en\/wp-json\/wp\/v2\/types\/page"}],"author":[{"embeddable":true,"href":"https:\/\/interactideas.pt\/en\/wp-json\/wp\/v2\/users\/1"}],"replies":[{"embeddable":true,"href":"https:\/\/interactideas.pt\/en\/wp-json\/wp\/v2\/comments?post=45"}],"version-history":[{"count":15,"href":"https:\/\/interactideas.pt\/en\/wp-json\/wp\/v2\/pages\/45\/revisions"}],"predecessor-version":[{"id":891,"href":"https:\/\/interactideas.pt\/en\/wp-json\/wp\/v2\/pages\/45\/revisions\/891"}],"wp:attachment":[{"href":"https:\/\/interactideas.pt\/en\/wp-json\/wp\/v2\/media?parent=45"}],"curies":[{"name":"wp","href":"https:\/\/api.w.org\/{rel}","templated":true}]}}