{"id":68,"date":"2020-08-05T11:11:25","date_gmt":"2020-08-05T11:11:25","guid":{"rendered":"https:\/\/interactideas.pt\/beta\/?page_id=68"},"modified":"2021-02-28T09:57:09","modified_gmt":"2021-02-28T09:57:09","slug":"inicio","status":"publish","type":"page","link":"https:\/\/interactideas.pt\/en\/","title":{"rendered":"Home"},"content":{"rendered":"<div class=\"vc_row wpb_row vc_row-fluid\"><div class=\"wpb_column vc_column_container vc_col-sm-12\"><div class=\"vc_column-inner\"><div class=\"wpb_wrapper\">\n\t<div class=\"wpb_text_column wpb_content_element\" >\n\t\t<div class=\"wpb_wrapper\">\n\t\t\t<style>\ntd, th, tr \n{border: 0px;\n}<\/p>\n<\/style>\n<h3 style=\"text-align: left;\"><strong>InteractIdeas - Your Digital Innovation Partner<\/strong><\/h3>\n<p style=\"font-size: 120%; text-align: justify;\">With its <em>core business<\/em> focused on the Digital Transformation field, InteractIdeas has an experienced and professional team in the following services and areas of the digital universe:<\/p>\n<table>\n<tbody>\n<tr>\n<td><img class=\"alignnone wp-image-788\" src=\"https:\/\/interactideas.pt\/wp-content\/uploads\/2021\/02\/interview.png\" alt=\"\" width=\"85\" height=\"76\" srcset=\"https:\/\/interactideas.pt\/wp-content\/uploads\/2021\/02\/interview.png 512w, https:\/\/interactideas.pt\/wp-content\/uploads\/2021\/02\/interview-300x267.png 300w, https:\/\/interactideas.pt\/wp-content\/uploads\/2021\/02\/interview-13x12.png 13w\" sizes=\"(max-width: 85px) 100vw, 85px\" \/><\/td>\n<td>\n<p style=\"font-size: 120%; text-align: justify;\">Consulting in business digitalization<\/p>\n<\/td>\n<td><img class=\"alignnone wp-image-789\" src=\"https:\/\/interactideas.pt\/wp-content\/uploads\/2021\/02\/www.png\" alt=\"\" width=\"84\" height=\"55\" srcset=\"https:\/\/interactideas.pt\/wp-content\/uploads\/2021\/02\/www.png 512w, https:\/\/interactideas.pt\/wp-content\/uploads\/2021\/02\/www-300x197.png 300w\" sizes=\"(max-width: 84px) 100vw, 84px\" \/><\/td>\n<td>\n<p style=\"font-size: 120%; text-align: justify;\">Web Site Development and dynamic and active digital presence<\/p>\n<\/td>\n<\/tr>\n<tr>\n<td><img class=\"wp-image-785 alignnone\" src=\"https:\/\/interactideas.pt\/wp-content\/uploads\/2021\/02\/internet-marketing.png\" alt=\"\" width=\"86\" height=\"66\" srcset=\"https:\/\/interactideas.pt\/wp-content\/uploads\/2021\/02\/internet-marketing.png 512w, https:\/\/interactideas.pt\/wp-content\/uploads\/2021\/02\/internet-marketing-300x231.png 300w, https:\/\/interactideas.pt\/wp-content\/uploads\/2021\/02\/internet-marketing-16x12.png 16w\" sizes=\"(max-width: 86px) 100vw, 86px\" \/><\/td>\n<td>\n<p style=\"font-size: 120%; text-align: justify;\">Consulting and Educational Innovation<\/p>\n<\/td>\n<td><img class=\"alignnone wp-image-790\" src=\"https:\/\/interactideas.pt\/wp-content\/uploads\/2021\/02\/digital.png\" alt=\"\" width=\"70\" height=\"75\" srcset=\"https:\/\/interactideas.pt\/wp-content\/uploads\/2021\/02\/digital.png 478w, https:\/\/interactideas.pt\/wp-content\/uploads\/2021\/02\/digital-280x300.png 280w, https:\/\/interactideas.pt\/wp-content\/uploads\/2021\/02\/digital-11x12.png 11w\" sizes=\"(max-width: 70px) 100vw, 70px\" \/><\/td>\n<td>\n<p style=\"font-size: 120%; text-align: justify;\">Artificial Intelligence in Education<\/p>\n<\/td>\n<\/tr>\n<tr>\n<td><img class=\"wp-image-787 alignnone\" src=\"https:\/\/interactideas.pt\/wp-content\/uploads\/2021\/02\/video-conference-150x150.png\" alt=\"\" width=\"67\" height=\"67\" \/><\/td>\n<td>\n<p style=\"font-size: 120%; text-align: justify;\">Professional Training<\/p>\n<\/td>\n<td><img class=\"wp-image-785 alignnone\" src=\"https:\/\/interactideas.pt\/wp-content\/uploads\/2021\/02\/internet-marketing.png\" alt=\"\" width=\"70\" height=\"54\" srcset=\"https:\/\/interactideas.pt\/wp-content\/uploads\/2021\/02\/internet-marketing.png 512w, https:\/\/interactideas.pt\/wp-content\/uploads\/2021\/02\/internet-marketing-300x231.png 300w, https:\/\/interactideas.pt\/wp-content\/uploads\/2021\/02\/internet-marketing-16x12.png 16w\" sizes=\"(max-width: 70px) 100vw, 70px\" \/><\/td>\n<td>\n<p style=\"font-size: 120%; text-align: justify;\">Digital Marketing<\/p>\n<\/td>\n<\/tr>\n<tr>\n<td><img class=\"wp-image-784 alignnone\" src=\"https:\/\/interactideas.pt\/wp-content\/uploads\/2021\/02\/360-degree-rotate.png\" alt=\"\" width=\"73\" height=\"39\" srcset=\"https:\/\/interactideas.pt\/wp-content\/uploads\/2021\/02\/360-degree-rotate.png 513w, https:\/\/interactideas.pt\/wp-content\/uploads\/2021\/02\/360-degree-rotate-300x161.png 300w, https:\/\/interactideas.pt\/wp-content\/uploads\/2021\/02\/360-degree-rotate-16x9.png 16w\" sizes=\"(max-width: 73px) 100vw, 73px\" \/><\/td>\n<td>\n<p style=\"font-size: 120%; text-align: justify;\">Virtual Reality and Augmented Reality, 360\u00b0 Video, 360\u00b0 Virtual Tours<\/p>\n<\/td>\n<td><img class=\"wp-image-783 alignnone\" src=\"https:\/\/interactideas.pt\/wp-content\/uploads\/2021\/02\/outsourcing.png\" alt=\"\" width=\"68\" height=\"76\" srcset=\"https:\/\/interactideas.pt\/wp-content\/uploads\/2021\/02\/outsourcing.png 462w, https:\/\/interactideas.pt\/wp-content\/uploads\/2021\/02\/outsourcing-271x300.png 271w, https:\/\/interactideas.pt\/wp-content\/uploads\/2021\/02\/outsourcing-11x12.png 11w\" sizes=\"(max-width: 68px) 100vw, 68px\" \/><\/td>\n<td>\n<p style=\"font-size: 120%; text-align: justify;\">Erasmus+ Services (reception of international internships KA1)<\/p>\n<\/td>\n<\/tr>\n<\/tbody>\n<\/table>\n\n\t\t<\/div>\n\t<\/div>\n<\/div><\/div><\/div><\/div><div class=\"vc_empty_space  vc_custom_1596725203552\"   style=\"height: 0.7em\"><span class=\"vc_empty_space_inner\"><\/span><\/div><div class=\"vc_empty_space  vc_custom_1596725203552\"   style=\"height: 0.7em\"><span class=\"vc_empty_space_inner\"><\/span><\/div><div class=\"vc_empty_space  vc_custom_1596725203552\"   style=\"height: 0.7em\"><span class=\"vc_empty_space_inner\"><\/span><\/div><div class=\"vc_empty_space  vc_custom_1596725203552\"   style=\"height: 0.7em\"><span class=\"vc_empty_space_inner\"><\/span><\/div><div data-vc-full-width=\"true\" data-vc-full-width-init=\"false\" data-vc-stretch-content=\"true\" class=\"vc_row wpb_row vc_row-fluid vc_row-no-padding vc_row-o-equal-height vc_row-flex\"><div class=\"wpb_column vc_column_container vc_col-sm-3 vc_col-has-fill\"><div class=\"vc_column-inner vc_custom_1597180906675\"><div class=\"wpb_wrapper\"><div class=\"sc_section margin_top_small margin_right_small margin_bottom_large margin_left_small aligncenter\"><div class=\"sc_section_inner\"><div class=\"sc_section_content_wrap\"><div class=\"vc_empty_space\"   style=\"height: 0.5em\"><span class=\"vc_empty_space_inner\"><\/span><\/div><div class=\"vc_icon_element vc_icon_element-outer vc_custom_1605440614823 vc_icon_element-align-center\"><div class=\"vc_icon_element-inner vc_icon_element-color-sky vc_icon_element-size-xl vc_icon_element-style- vc_icon_element-background-color-grey\" ><span class=\"vc_icon_element-icon typcn typcn-social-instagram\" ><\/span><\/div><\/div><div class=\"vc_empty_space\"   style=\"height: 0.7em\"><span class=\"vc_empty_space_inner\"><\/span><\/div><h4 class=\"sc_title sc_title_regular margin_top_tiny margin_bottom_tiny\"><a href=\"https:\/\/www.instagram.com\/interactideas\/\" target=\"_blank\" rel=\"noopener noreferrer\"><span style=\"color: #000000;\">Instagram<\/span><\/a><\/h4><h6 style=\"color: #8c8b8e;text-align: center;font-family:Lora;font-weight:400;font-style:italic\" class=\"vc_custom_heading\" >Follow us and keep up to date with our Instagram news<\/h6><div class=\"vc_empty_space\"   style=\"height: 1.1em\"><span class=\"vc_empty_space_inner\"><\/span><\/div><\/div><\/div><\/div><\/div><\/div><\/div><div class=\"wpb_column vc_column_container vc_col-sm-3 vc_col-has-fill\"><div class=\"vc_column-inner vc_custom_1597180929047\"><div class=\"wpb_wrapper\"><div class=\"sc_section margin_top_small margin_right_small margin_bottom_large margin_left_small aligncenter\"><div class=\"sc_section_inner\"><div class=\"sc_section_content_wrap\"><div class=\"vc_empty_space\"   style=\"height: 0.5em\"><span class=\"vc_empty_space_inner\"><\/span><\/div><div class=\"vc_icon_element vc_icon_element-outer vc_custom_1605440795967 vc_icon_element-align-center\"><div class=\"vc_icon_element-inner vc_icon_element-color-blue vc_icon_element-size-xl vc_icon_element-style- vc_icon_element-background-color-grey\" ><span class=\"vc_icon_element-icon typcn typcn-social-facebook\" ><\/span><\/div><\/div><div class=\"vc_empty_space\"   style=\"height: 0.7em\"><span class=\"vc_empty_space_inner\"><\/span><\/div><h4 class=\"sc_title sc_title_regular margin_top_tiny margin_bottom_tiny\" style=\"color:#ffffff;\"><a href=\"https:\/\/www.facebook.com\/Interactideas-102765671448328\" target=\"_blank\" rel=\"noopener noreferrer\"><span style=\"color: #ffffff;\">Facebook<\/span><\/a><\/h4><h6 style=\"color: #fff9f9;text-align: center;font-family:Lora;font-weight:400;font-style:italic\" class=\"vc_custom_heading\" >Share your Friendship with us on Facebook !<\/h6>\n\t<div class=\"wpb_text_column wpb_content_element\" >\n\t\t<div class=\"wpb_wrapper\">\n\t\t\t\n\t\t<\/div>\n\t<\/div>\n<div class=\"vc_empty_space\"   style=\"height: 1.1em\"><span class=\"vc_empty_space_inner\"><\/span><\/div><\/div><\/div><\/div><\/div><\/div><\/div><div class=\"wpb_column vc_column_container vc_col-sm-3 vc_col-has-fill\"><div class=\"vc_column-inner vc_custom_1597180945093\"><div class=\"wpb_wrapper\"><div class=\"sc_section margin_top_small margin_right_small margin_bottom_large margin_left_small aligncenter\"><div class=\"sc_section_inner\"><div class=\"sc_section_content_wrap\"><div class=\"vc_empty_space\"   style=\"height: 0.5em\"><span class=\"vc_empty_space_inner\"><\/span><\/div><div class=\"vc_icon_element vc_icon_element-outer vc_custom_1605440933422 vc_icon_element-align-center\"><div class=\"vc_icon_element-inner vc_icon_element-color-white vc_icon_element-size-xl vc_icon_element-style- vc_icon_element-background-color-grey\" ><span class=\"vc_icon_element-icon typcn typcn-social-linkedin\" ><\/span><\/div><\/div><div class=\"vc_empty_space\"   style=\"height: 0.7em\"><span class=\"vc_empty_space_inner\"><\/span><\/div><h4 class=\"sc_title sc_title_regular margin_top_tiny margin_bottom_tiny\" style=\"color:#ffffff;\"><a href=\"https:\/\/www.linkedin.com\/company\/interactideas\/\" target=\"_blank\" rel=\"noopener noreferrer\"><span style=\"color: #ffffff;\">Linkedin<\/span><\/a><\/h4><h6 style=\"color: #ffffff;text-align: center;font-family:Lora;font-weight:400;font-style:italic\" class=\"vc_custom_heading\" ><a href=\"https:\/\/www.linkedin.com\/company\/interactideas\/\" target=\"_blank\">Do you have a business strategy? Talk to us!<\/a><\/h6>\n\t<div class=\"wpb_text_column wpb_content_element\" >\n\t\t<div class=\"wpb_wrapper\">\n\t\t\t\n\t\t<\/div>\n\t<\/div>\n<div class=\"vc_empty_space\"   style=\"height: 1.1em\"><span class=\"vc_empty_space_inner\"><\/span><\/div><\/div><\/div><\/div><\/div><\/div><\/div><div class=\"wpb_column vc_column_container vc_col-sm-3 vc_col-has-fill\"><div class=\"vc_column-inner vc_custom_1614450724654\"><div class=\"wpb_wrapper\"><div class=\"sc_section margin_top_small margin_right_small margin_bottom_large margin_left_small aligncenter\"><div class=\"sc_section_inner\"><div class=\"sc_section_content_wrap\"><div class=\"vc_empty_space\"   style=\"height: 0.5em\"><span class=\"vc_empty_space_inner\"><\/span><\/div><div class=\"vc_icon_element vc_icon_element-outer vc_custom_1614450657622 vc_icon_element-align-center\"><div class=\"vc_icon_element-inner vc_icon_element-color-white vc_icon_element-size-xl vc_icon_element-style- vc_icon_element-background-color-grey\" ><span class=\"vc_icon_element-icon typcn typcn-social-twitter\" ><\/span><\/div><\/div><div class=\"vc_empty_space\"   style=\"height: 0.7em\"><span class=\"vc_empty_space_inner\"><\/span><\/div><h4 class=\"sc_title sc_title_regular margin_top_tiny margin_bottom_tiny\" style=\"color:#ffffff;\"><a href=\"https:\/\/twitter.com\/InteractIdeas\" target=\"_blank\" rel=\"noopener noreferrer\"><span style=\"color: #ffffff;\">Twitter<\/span><\/a><\/h4><h6 style=\"color: #ffffff;text-align: center;font-family:Lora;font-weight:400;font-style:italic\" class=\"vc_custom_heading\" ><a href=\"https:\/\/www.linkedin.com\/company\/interactideas\/\" target=\"_blank\">Partilhe connosco as suas ideias e as suas #hashtags!<\/a><\/h6>\n\t<div class=\"wpb_text_column wpb_content_element\" >\n\t\t<div class=\"wpb_wrapper\">\n\t\t\t\n\t\t<\/div>\n\t<\/div>\n<div class=\"vc_empty_space\"   style=\"height: 1.1em\"><span class=\"vc_empty_space_inner\"><\/span><\/div><\/div><\/div><\/div><\/div><\/div><\/div><\/div><div class=\"vc_row-full-width vc_clearfix\"><\/div><div class=\"vc_row wpb_row vc_row-fluid\"><div class=\"wpb_column vc_column_container vc_col-sm-12\"><div class=\"vc_column-inner\"><div class=\"wpb_wrapper\">\n\t<div class=\"wpb_text_column wpb_content_element\" >\n\t\t<div class=\"wpb_wrapper\">\n\t\t\t<p>\u00a0<\/p>\n\n\t\t<\/div>\n\t<\/div>\n<\/div><\/div><\/div><\/div>","protected":false},"excerpt":{"rendered":"InteractIdeas - O seu parceiro para Inova\u00e7\u00e3o Digital Com o seu core business focado no campo da Transforma\u00e7\u00e3o Digital, a InteractIdeas tem uma equipa experiente e profissional nos seguintes servi\u00e7os e \u00e1reas do universo digital: Consultadoria em digitaliza\u00e7\u00e3o empresarial Desenvolvimento de Web Sites e presen\u00e7a digital din\u00e2mica e ativa Consultadoria e Inova\u00e7\u00e3o Educacional Intelig\u00eancia Artificial [...]","protected":false},"author":1,"featured_media":0,"parent":0,"menu_order":0,"comment_status":"closed","ping_status":"closed","template":"","meta":[],"yoast_head":"<!-- This site is optimized with the Yoast SEO plugin v16.4 - https:\/\/yoast.com\/wordpress\/plugins\/seo\/ -->\n<title>In\u00edcio - Interact Ideas<\/title>\n<meta name=\"robots\" content=\"index, follow, max-snippet:-1, max-image-preview:large, max-video-preview:-1\" \/>\n<link rel=\"canonical\" href=\"https:\/\/interactideas.pt\/en\/\" \/>\n<meta property=\"og:locale\" content=\"en_GB\" \/>\n<meta property=\"og:type\" content=\"article\" \/>\n<meta property=\"og:title\" content=\"In\u00edcio - Interact Ideas\" \/>\n<meta property=\"og:url\" content=\"https:\/\/interactideas.pt\/en\/\" \/>\n<meta property=\"og:site_name\" content=\"Interact Ideas\" \/>\n<meta property=\"article:modified_time\" content=\"2021-02-28T09:57:09+00:00\" \/>\n<meta property=\"og:image\" content=\"https:\/\/interactideas.pt\/wp-content\/uploads\/2021\/02\/interview.png\" \/>\n<meta name=\"twitter:card\" content=\"summary_large_image\" \/>\n<meta name=\"twitter:label1\" content=\"Estimated reading time\" \/>\n\t<meta name=\"twitter:data1\" content=\"4 minutes\" \/>\n<script type=\"application\/ld+json\" class=\"yoast-schema-graph\">{\"@context\":\"https:\/\/schema.org\",\"@graph\":[{\"@type\":\"Organization\",\"@id\":\"https:\/\/interactideas.pt\/#organization\",\"name\":\"InteractIdeas\",\"url\":\"https:\/\/interactideas.pt\/\",\"sameAs\":[],\"logo\":{\"@type\":\"ImageObject\",\"@id\":\"https:\/\/interactideas.pt\/#logo\",\"inLanguage\":\"en-GB\",\"url\":\"https:\/\/interactideas.pt\/wp-content\/uploads\/2020\/11\/logointeract-wp1.png\",\"contentUrl\":\"https:\/\/interactideas.pt\/wp-content\/uploads\/2020\/11\/logointeract-wp1.png\",\"width\":114,\"height\":90,\"caption\":\"InteractIdeas\"},\"image\":{\"@id\":\"https:\/\/interactideas.pt\/#logo\"}},{\"@type\":\"WebSite\",\"@id\":\"https:\/\/interactideas.pt\/#website\",\"url\":\"https:\/\/interactideas.pt\/\",\"name\":\"Interact Ideas\",\"description\":\"\",\"publisher\":{\"@id\":\"https:\/\/interactideas.pt\/#organization\"},\"potentialAction\":[{\"@type\":\"SearchAction\",\"target\":\"https:\/\/interactideas.pt\/?s={search_term_string}\",\"query-input\":\"required name=search_term_string\"}],\"inLanguage\":\"en-GB\"},{\"@type\":\"ImageObject\",\"@id\":\"https:\/\/interactideas.pt\/#primaryimage\",\"inLanguage\":\"en-GB\",\"url\":\"https:\/\/interactideas.pt\/wp-content\/uploads\/2021\/02\/interview.png\",\"contentUrl\":\"https:\/\/interactideas.pt\/wp-content\/uploads\/2021\/02\/interview.png\",\"width\":512,\"height\":456},{\"@type\":\"WebPage\",\"@id\":\"https:\/\/interactideas.pt\/#webpage\",\"url\":\"https:\/\/interactideas.pt\/\",\"name\":\"In\\u00edcio - Interact Ideas\",\"isPartOf\":{\"@id\":\"https:\/\/interactideas.pt\/#website\"},\"primaryImageOfPage\":{\"@id\":\"https:\/\/interactideas.pt\/#primaryimage\"},\"datePublished\":\"2020-08-05T11:11:25+00:00\",\"dateModified\":\"2021-02-28T09:57:09+00:00\",\"breadcrumb\":{\"@id\":\"https:\/\/interactideas.pt\/#breadcrumb\"},\"inLanguage\":\"en-GB\",\"potentialAction\":[{\"@type\":\"ReadAction\",\"target\":[\"https:\/\/interactideas.pt\/\"]}]},{\"@type\":\"BreadcrumbList\",\"@id\":\"https:\/\/interactideas.pt\/#breadcrumb\",\"itemListElement\":[{\"@type\":\"ListItem\",\"position\":1,\"item\":{\"@type\":\"WebPage\",\"@id\":\"https:\/\/interactideas.pt\/\",\"url\":\"https:\/\/interactideas.pt\/\",\"name\":\"In\\u00edcio\"}},{\"@type\":\"ListItem\",\"position\":2,\"item\":{\"@id\":\"https:\/\/interactideas.pt\/#webpage\"}}]}]}<\/script>\n<!-- \/ Yoast SEO plugin. -->","_links":{"self":[{"href":"https:\/\/interactideas.pt\/en\/wp-json\/wp\/v2\/pages\/68"}],"collection":[{"href":"https:\/\/interactideas.pt\/en\/wp-json\/wp\/v2\/pages"}],"about":[{"href":"https:\/\/interactideas.pt\/en\/wp-json\/wp\/v2\/types\/page"}],"author":[{"embeddable":true,"href":"https:\/\/interactideas.pt\/en\/wp-json\/wp\/v2\/users\/1"}],"replies":[{"embeddable":true,"href":"https:\/\/interactideas.pt\/en\/wp-json\/wp\/v2\/comments?post=68"}],"version-history":[{"count":165,"href":"https:\/\/interactideas.pt\/en\/wp-json\/wp\/v2\/pages\/68\/revisions"}],"predecessor-version":[{"id":940,"href":"https:\/\/interactideas.pt\/en\/wp-json\/wp\/v2\/pages\/68\/revisions\/940"}],"wp:attachment":[{"href":"https:\/\/interactideas.pt\/en\/wp-json\/wp\/v2\/media?parent=68"}],"curies":[{"name":"wp","href":"https:\/\/api.w.org\/{rel}","templated":true}]}}