{"id":810,"date":"2021-02-21T00:19:20","date_gmt":"2021-02-21T00:19:20","guid":{"rendered":"https:\/\/interactideas.pt\/?page_id=810"},"modified":"2021-02-22T21:42:24","modified_gmt":"2021-02-22T21:42:24","slug":"aplicacoes-moveis","status":"publish","type":"page","link":"https:\/\/interactideas.pt\/en\/aplicacoes-moveis\/","title":{"rendered":"Mobile Applications"},"content":{"rendered":"<h3 style=\"text-align: left;\"><strong>Mobile Applications for your Business<br \/>\n<\/strong><\/h3>\n<p style=\"font-size: 120%; text-align: justify;\">We create digital experiences on mobile platforms.<\/p>\n<p style=\"font-size: 120%; text-align: justify;\">In the challenge of digital transformation, developing an App is not enough, it is necessary to create rich digital experiences on mobile platforms that integrate with the company's strategy, improve the user experience, and boost business results.<\/p>\n<p style=\"font-size: 120%; text-align: justify;\">Nowadays it is essential to be present in all channels of the digital universe. Being present on the smartphone of your customers and potential customers is fundamental. We are here to put your business one click away in the palm of the hand of all current and potential customers.<\/p>\n<p style=\"font-size: 120%; text-align: justify;\">How? <strong>Talk with us!<\/strong>.<\/p>\n<p><img class=\"aligncenter wp-image-816\" src=\"https:\/\/interactideas.pt\/wp-content\/uploads\/2021\/02\/apps-1024x683.jpg\" alt=\"\" width=\"800\" height=\"534\" srcset=\"https:\/\/interactideas.pt\/wp-content\/uploads\/2021\/02\/apps-1024x683.jpg 1024w, https:\/\/interactideas.pt\/wp-content\/uploads\/2021\/02\/apps-300x200.jpg 300w, https:\/\/interactideas.pt\/wp-content\/uploads\/2021\/02\/apps-768x512.jpg 768w, https:\/\/interactideas.pt\/wp-content\/uploads\/2021\/02\/apps-1536x1025.jpg 1536w, https:\/\/interactideas.pt\/wp-content\/uploads\/2021\/02\/apps-2048x1366.jpg 2048w, https:\/\/interactideas.pt\/wp-content\/uploads\/2021\/02\/apps-16x12.jpg 16w\" sizes=\"(max-width: 800px) 100vw, 800px\" \/><\/p>","protected":false},"excerpt":{"rendered":"<p>Aplica\u00e7\u00f5es M\u00f3veis para o seu Neg\u00f3cio Criamos experi\u00eancias digitais em plataformas m\u00f3veis. No desafio da transforma\u00e7\u00e3o digital, n\u00e3o basta o desenvolvimento de uma App, \u00e9 necess\u00e1rio a cria\u00e7\u00e3o de experi\u00eancias digitais ricas sobre plataformas m\u00f3veis, que se integrem \u00e0 estrat\u00e9gia da empresa, melhorem a experi\u00eancia do utilizador e potenciam os resultados do neg\u00f3cio. Hoje em [&hellip;]<\/p>","protected":false},"author":3,"featured_media":0,"parent":0,"menu_order":0,"comment_status":"closed","ping_status":"closed","template":"","meta":[],"yoast_head":"<!-- This site is optimized with the Yoast SEO plugin v16.4 - https:\/\/yoast.com\/wordpress\/plugins\/seo\/ -->\n<title>Aplica\u00e7\u00f5es M\u00f3veis - Interact Ideas<\/title>\n<meta name=\"robots\" content=\"index, follow, max-snippet:-1, max-image-preview:large, max-video-preview:-1\" \/>\n<link rel=\"canonical\" href=\"https:\/\/interactideas.pt\/en\/aplicacoes-moveis\/\" \/>\n<meta property=\"og:locale\" content=\"en_GB\" \/>\n<meta property=\"og:type\" content=\"article\" \/>\n<meta property=\"og:title\" content=\"Aplica\u00e7\u00f5es M\u00f3veis - Interact Ideas\" \/>\n<meta property=\"og:description\" content=\"Aplica\u00e7\u00f5es M\u00f3veis para o seu Neg\u00f3cio Criamos experi\u00eancias digitais em plataformas m\u00f3veis. No desafio da transforma\u00e7\u00e3o digital, n\u00e3o basta o desenvolvimento de uma App, \u00e9 necess\u00e1rio a cria\u00e7\u00e3o de experi\u00eancias digitais ricas sobre plataformas m\u00f3veis, que se integrem \u00e0 estrat\u00e9gia da empresa, melhorem a experi\u00eancia do utilizador e potenciam os resultados do neg\u00f3cio. Hoje em [&hellip;]\" \/>\n<meta property=\"og:url\" content=\"https:\/\/interactideas.pt\/en\/aplicacoes-moveis\/\" \/>\n<meta property=\"og:site_name\" content=\"Interact Ideas\" \/>\n<meta property=\"article:modified_time\" content=\"2021-02-22T21:42:24+00:00\" \/>\n<meta property=\"og:image\" content=\"https:\/\/interactideas.pt\/wp-content\/uploads\/2021\/02\/apps-1024x683.jpg\" \/>\n<meta name=\"twitter:card\" content=\"summary_large_image\" \/>\n<meta name=\"twitter:label1\" content=\"Estimated reading time\" \/>\n\t<meta name=\"twitter:data1\" content=\"1 minute\" \/>\n<script type=\"application\/ld+json\" class=\"yoast-schema-graph\">{\"@context\":\"https:\/\/schema.org\",\"@graph\":[{\"@type\":\"Organization\",\"@id\":\"https:\/\/interactideas.pt\/#organization\",\"name\":\"InteractIdeas\",\"url\":\"https:\/\/interactideas.pt\/\",\"sameAs\":[],\"logo\":{\"@type\":\"ImageObject\",\"@id\":\"https:\/\/interactideas.pt\/#logo\",\"inLanguage\":\"en-GB\",\"url\":\"https:\/\/interactideas.pt\/wp-content\/uploads\/2020\/11\/logointeract-wp1.png\",\"contentUrl\":\"https:\/\/interactideas.pt\/wp-content\/uploads\/2020\/11\/logointeract-wp1.png\",\"width\":114,\"height\":90,\"caption\":\"InteractIdeas\"},\"image\":{\"@id\":\"https:\/\/interactideas.pt\/#logo\"}},{\"@type\":\"WebSite\",\"@id\":\"https:\/\/interactideas.pt\/#website\",\"url\":\"https:\/\/interactideas.pt\/\",\"name\":\"Interact Ideas\",\"description\":\"\",\"publisher\":{\"@id\":\"https:\/\/interactideas.pt\/#organization\"},\"potentialAction\":[{\"@type\":\"SearchAction\",\"target\":\"https:\/\/interactideas.pt\/?s={search_term_string}\",\"query-input\":\"required name=search_term_string\"}],\"inLanguage\":\"en-GB\"},{\"@type\":\"ImageObject\",\"@id\":\"https:\/\/interactideas.pt\/aplicacoes-moveis\/#primaryimage\",\"inLanguage\":\"en-GB\",\"url\":\"https:\/\/interactideas.pt\/wp-content\/uploads\/2021\/02\/apps-scaled.jpg\",\"contentUrl\":\"https:\/\/interactideas.pt\/wp-content\/uploads\/2021\/02\/apps-scaled.jpg\",\"width\":2560,\"height\":1708},{\"@type\":\"WebPage\",\"@id\":\"https:\/\/interactideas.pt\/aplicacoes-moveis\/#webpage\",\"url\":\"https:\/\/interactideas.pt\/aplicacoes-moveis\/\",\"name\":\"Aplica\\u00e7\\u00f5es M\\u00f3veis - Interact Ideas\",\"isPartOf\":{\"@id\":\"https:\/\/interactideas.pt\/#website\"},\"primaryImageOfPage\":{\"@id\":\"https:\/\/interactideas.pt\/aplicacoes-moveis\/#primaryimage\"},\"datePublished\":\"2021-02-21T00:19:20+00:00\",\"dateModified\":\"2021-02-22T21:42:24+00:00\",\"breadcrumb\":{\"@id\":\"https:\/\/interactideas.pt\/aplicacoes-moveis\/#breadcrumb\"},\"inLanguage\":\"en-GB\",\"potentialAction\":[{\"@type\":\"ReadAction\",\"target\":[\"https:\/\/interactideas.pt\/aplicacoes-moveis\/\"]}]},{\"@type\":\"BreadcrumbList\",\"@id\":\"https:\/\/interactideas.pt\/aplicacoes-moveis\/#breadcrumb\",\"itemListElement\":[{\"@type\":\"ListItem\",\"position\":1,\"item\":{\"@type\":\"WebPage\",\"@id\":\"https:\/\/interactideas.pt\/\",\"url\":\"https:\/\/interactideas.pt\/\",\"name\":\"In\\u00edcio\"}},{\"@type\":\"ListItem\",\"position\":2,\"item\":{\"@id\":\"https:\/\/interactideas.pt\/aplicacoes-moveis\/#webpage\"}}]}]}<\/script>\n<!-- \/ Yoast SEO plugin. -->","_links":{"self":[{"href":"https:\/\/interactideas.pt\/en\/wp-json\/wp\/v2\/pages\/810"}],"collection":[{"href":"https:\/\/interactideas.pt\/en\/wp-json\/wp\/v2\/pages"}],"about":[{"href":"https:\/\/interactideas.pt\/en\/wp-json\/wp\/v2\/types\/page"}],"author":[{"embeddable":true,"href":"https:\/\/interactideas.pt\/en\/wp-json\/wp\/v2\/users\/3"}],"replies":[{"embeddable":true,"href":"https:\/\/interactideas.pt\/en\/wp-json\/wp\/v2\/comments?post=810"}],"version-history":[{"count":10,"href":"https:\/\/interactideas.pt\/en\/wp-json\/wp\/v2\/pages\/810\/revisions"}],"predecessor-version":[{"id":901,"href":"https:\/\/interactideas.pt\/en\/wp-json\/wp\/v2\/pages\/810\/revisions\/901"}],"wp:attachment":[{"href":"https:\/\/interactideas.pt\/en\/wp-json\/wp\/v2\/media?parent=810"}],"curies":[{"name":"wp","href":"https:\/\/api.w.org\/{rel}","templated":true}]}}