{"id":825,"date":"2021-02-21T19:30:45","date_gmt":"2021-02-21T19:30:45","guid":{"rendered":"https:\/\/interactideas.pt\/?page_id=825"},"modified":"2021-02-26T17:35:18","modified_gmt":"2021-02-26T17:35:18","slug":"gtp","status":"publish","type":"page","link":"https:\/\/interactideas.pt\/en\/gtp\/","title":{"rendered":"Microsoft Partner"},"content":{"rendered":"<style>\nth,tr,td { border:0px;}<\/p>\n<\/style>\n<h3 style=\"text-align: left;\"><strong>We are Microsoft GTP Education Partners!<\/strong><\/h3>\n<p style=\"font-size: 120%; text-align: justify;\">Specialized in educational innovation and digital educational technologies, allied to our <strong>Microsoft partner,<\/strong>we have the capacity to implement innovation processes in the educational field in your institution, through the following services:<\/p>\n<table>\n<tbody>\n<tr>\n<td><img class=\"wp-image-880 alignnone\" src=\"https:\/\/interactideas.pt\/wp-content\/uploads\/2021\/02\/edu-transf.png\" alt=\"\" width=\"76\" height=\"100\" srcset=\"https:\/\/interactideas.pt\/wp-content\/uploads\/2021\/02\/edu-transf.png 392w, https:\/\/interactideas.pt\/wp-content\/uploads\/2021\/02\/edu-transf-230x300.png 230w, https:\/\/interactideas.pt\/wp-content\/uploads\/2021\/02\/edu-transf-9x12.png 9w\" sizes=\"(max-width: 76px) 100vw, 76px\" \/><\/td>\n<td>\n<p style=\"font-size: 120%; text-align: justify;\">Microsoft Education Transformation Framework for System and School Leaders<\/p>\n<\/td>\n<td><img class=\"wp-image-867 alignnone\" src=\"https:\/\/interactideas.pt\/wp-content\/uploads\/2021\/02\/gaming-gamepad.png\" alt=\"\" width=\"99\" height=\"77\" srcset=\"https:\/\/interactideas.pt\/wp-content\/uploads\/2021\/02\/gaming-gamepad.png 513w, https:\/\/interactideas.pt\/wp-content\/uploads\/2021\/02\/gaming-gamepad-300x232.png 300w, https:\/\/interactideas.pt\/wp-content\/uploads\/2021\/02\/gaming-gamepad-16x12.png 16w\" sizes=\"(max-width: 99px) 100vw, 99px\" \/><\/td>\n<td>\n<p style=\"font-size: 120%; text-align: justify;\">Minecraft Education Edition<\/p>\n<\/td>\n<\/tr>\n<tr>\n<td><img class=\"wp-image-879 alignnone\" src=\"https:\/\/interactideas.pt\/wp-content\/uploads\/2021\/02\/coding.png\" alt=\"\" width=\"96\" height=\"70\" srcset=\"https:\/\/interactideas.pt\/wp-content\/uploads\/2021\/02\/coding.png 512w, https:\/\/interactideas.pt\/wp-content\/uploads\/2021\/02\/coding-300x218.png 300w, https:\/\/interactideas.pt\/wp-content\/uploads\/2021\/02\/coding-16x12.png 16w\" sizes=\"(max-width: 96px) 100vw, 96px\" \/><\/td>\n<td>\n<p style=\"font-size: 120%; text-align: justify;\">Coding and STEM<\/p>\n<\/td>\n<td><img class=\"wp-image-882 alignnone\" src=\"https:\/\/interactideas.pt\/wp-content\/uploads\/2021\/02\/microsoft-teams.png\" alt=\"\" width=\"96\" height=\"96\" srcset=\"https:\/\/interactideas.pt\/wp-content\/uploads\/2021\/02\/microsoft-teams.png 128w, https:\/\/interactideas.pt\/wp-content\/uploads\/2021\/02\/microsoft-teams-12x12.png 12w\" sizes=\"(max-width: 96px) 100vw, 96px\" \/><\/td>\n<td>\n<p style=\"font-size: 120%; text-align: justify;\">Office 365 and Teams<\/p>\n<\/td>\n<\/tr>\n<\/tbody>\n<\/table>\n<p>&nbsp;<\/p>\n<p style=\"font-size: 120%; text-align: justify;\"><strong><img class=\"size-medium wp-image-905 alignleft\" src=\"https:\/\/interactideas.pt\/wp-content\/uploads\/2021\/02\/minecraft-global-training-partner-300x300.png\" alt=\"\" width=\"300\" height=\"300\" srcset=\"https:\/\/interactideas.pt\/wp-content\/uploads\/2021\/02\/minecraft-global-training-partner-300x300.png 300w, https:\/\/interactideas.pt\/wp-content\/uploads\/2021\/02\/minecraft-global-training-partner-150x150.png 150w, https:\/\/interactideas.pt\/wp-content\/uploads\/2021\/02\/minecraft-global-training-partner-12x12.png 12w, https:\/\/interactideas.pt\/wp-content\/uploads\/2021\/02\/minecraft-global-training-partner.png 650w\" sizes=\"(max-width: 300px) 100vw, 300px\" \/><img class=\"size-medium wp-image-904 alignleft\" src=\"https:\/\/interactideas.pt\/wp-content\/uploads\/2021\/02\/global-training-partner-program-participant-300x300.png\" alt=\"\" width=\"300\" height=\"300\" srcset=\"https:\/\/interactideas.pt\/wp-content\/uploads\/2021\/02\/global-training-partner-program-participant-300x300.png 300w, https:\/\/interactideas.pt\/wp-content\/uploads\/2021\/02\/global-training-partner-program-participant-150x150.png 150w, https:\/\/interactideas.pt\/wp-content\/uploads\/2021\/02\/global-training-partner-program-participant-12x12.png 12w, https:\/\/interactideas.pt\/wp-content\/uploads\/2021\/02\/global-training-partner-program-participant.png 546w\" sizes=\"(max-width: 300px) 100vw, 300px\" \/>Contact Us, we are the ideal partner to help your institution innovate through Microsoft education services.<br \/>\n<\/strong><\/p>\n<a href=\"https:\/\/interactideas.pt\/en\/contactos\/\" class=\"sc_button sc_button_square sc_button_style_border sc_button_size_medium  sc_button_iconed icon-paper-plane-light\" style=\"width:175px;height:18px;color:#ffffff;background-color:#2A12C2; border-color:#2A12C2;\">Contact us<\/a>","protected":false},"excerpt":{"rendered":"<p>Somos parceiros Educa\u00e7\u00e3o GTP Microsoft! Especializados em inova\u00e7\u00e3o educacional e tecnologias digitais educativas, aliados ao nosso parceiro Microsoft, dispomos da capacidade de implementar processos de inova\u00e7\u00e3o no campo Educacional na sua institui\u00e7\u00e3o, atrav\u00e9s dos seguinte servi\u00e7os: Microsoft Education Transformation Framework for System and School Leaders Minecraft Education Edition Coding and STEM Office 365 and Teams [&hellip;]<\/p>","protected":false},"author":3,"featured_media":0,"parent":0,"menu_order":0,"comment_status":"closed","ping_status":"closed","template":"","meta":[],"yoast_head":"<!-- This site is optimized with the Yoast SEO plugin v16.4 - https:\/\/yoast.com\/wordpress\/plugins\/seo\/ -->\n<title>Parceiro Microsoft - Interact Ideas<\/title>\n<meta name=\"robots\" content=\"index, follow, max-snippet:-1, max-image-preview:large, max-video-preview:-1\" \/>\n<link rel=\"canonical\" href=\"https:\/\/interactideas.pt\/en\/gtp\/\" \/>\n<meta property=\"og:locale\" content=\"en_GB\" \/>\n<meta property=\"og:type\" content=\"article\" \/>\n<meta property=\"og:title\" content=\"Parceiro Microsoft - Interact Ideas\" \/>\n<meta property=\"og:description\" content=\"Somos parceiros Educa\u00e7\u00e3o GTP Microsoft! Especializados em inova\u00e7\u00e3o educacional e tecnologias digitais educativas, aliados ao nosso parceiro Microsoft, dispomos da capacidade de implementar processos de inova\u00e7\u00e3o no campo Educacional na sua institui\u00e7\u00e3o, atrav\u00e9s dos seguinte servi\u00e7os: Microsoft Education Transformation Framework for System and School Leaders Minecraft Education Edition Coding and STEM Office 365 and Teams [&hellip;]\" \/>\n<meta property=\"og:url\" content=\"https:\/\/interactideas.pt\/en\/gtp\/\" \/>\n<meta property=\"og:site_name\" content=\"Interact Ideas\" \/>\n<meta property=\"article:modified_time\" content=\"2021-02-26T17:35:18+00:00\" \/>\n<meta property=\"og:image\" content=\"https:\/\/interactideas.pt\/wp-content\/uploads\/2021\/02\/edu-transf.png\" \/>\n<meta name=\"twitter:card\" content=\"summary_large_image\" \/>\n<meta name=\"twitter:label1\" content=\"Estimated reading time\" \/>\n\t<meta name=\"twitter:data1\" content=\"1 minute\" \/>\n<script type=\"application\/ld+json\" class=\"yoast-schema-graph\">{\"@context\":\"https:\/\/schema.org\",\"@graph\":[{\"@type\":\"Organization\",\"@id\":\"https:\/\/interactideas.pt\/#organization\",\"name\":\"InteractIdeas\",\"url\":\"https:\/\/interactideas.pt\/\",\"sameAs\":[],\"logo\":{\"@type\":\"ImageObject\",\"@id\":\"https:\/\/interactideas.pt\/#logo\",\"inLanguage\":\"en-GB\",\"url\":\"https:\/\/interactideas.pt\/wp-content\/uploads\/2020\/11\/logointeract-wp1.png\",\"contentUrl\":\"https:\/\/interactideas.pt\/wp-content\/uploads\/2020\/11\/logointeract-wp1.png\",\"width\":114,\"height\":90,\"caption\":\"InteractIdeas\"},\"image\":{\"@id\":\"https:\/\/interactideas.pt\/#logo\"}},{\"@type\":\"WebSite\",\"@id\":\"https:\/\/interactideas.pt\/#website\",\"url\":\"https:\/\/interactideas.pt\/\",\"name\":\"Interact Ideas\",\"description\":\"\",\"publisher\":{\"@id\":\"https:\/\/interactideas.pt\/#organization\"},\"potentialAction\":[{\"@type\":\"SearchAction\",\"target\":\"https:\/\/interactideas.pt\/?s={search_term_string}\",\"query-input\":\"required name=search_term_string\"}],\"inLanguage\":\"en-GB\"},{\"@type\":\"ImageObject\",\"@id\":\"https:\/\/interactideas.pt\/gtp\/#primaryimage\",\"inLanguage\":\"en-GB\",\"url\":\"https:\/\/interactideas.pt\/wp-content\/uploads\/2021\/02\/edu-transf.png\",\"contentUrl\":\"https:\/\/interactideas.pt\/wp-content\/uploads\/2021\/02\/edu-transf.png\",\"width\":392,\"height\":512},{\"@type\":\"WebPage\",\"@id\":\"https:\/\/interactideas.pt\/gtp\/#webpage\",\"url\":\"https:\/\/interactideas.pt\/gtp\/\",\"name\":\"Parceiro Microsoft - Interact Ideas\",\"isPartOf\":{\"@id\":\"https:\/\/interactideas.pt\/#website\"},\"primaryImageOfPage\":{\"@id\":\"https:\/\/interactideas.pt\/gtp\/#primaryimage\"},\"datePublished\":\"2021-02-21T19:30:45+00:00\",\"dateModified\":\"2021-02-26T17:35:18+00:00\",\"breadcrumb\":{\"@id\":\"https:\/\/interactideas.pt\/gtp\/#breadcrumb\"},\"inLanguage\":\"en-GB\",\"potentialAction\":[{\"@type\":\"ReadAction\",\"target\":[\"https:\/\/interactideas.pt\/gtp\/\"]}]},{\"@type\":\"BreadcrumbList\",\"@id\":\"https:\/\/interactideas.pt\/gtp\/#breadcrumb\",\"itemListElement\":[{\"@type\":\"ListItem\",\"position\":1,\"item\":{\"@type\":\"WebPage\",\"@id\":\"https:\/\/interactideas.pt\/\",\"url\":\"https:\/\/interactideas.pt\/\",\"name\":\"In\\u00edcio\"}},{\"@type\":\"ListItem\",\"position\":2,\"item\":{\"@id\":\"https:\/\/interactideas.pt\/gtp\/#webpage\"}}]}]}<\/script>\n<!-- \/ Yoast SEO plugin. -->","_links":{"self":[{"href":"https:\/\/interactideas.pt\/en\/wp-json\/wp\/v2\/pages\/825"}],"collection":[{"href":"https:\/\/interactideas.pt\/en\/wp-json\/wp\/v2\/pages"}],"about":[{"href":"https:\/\/interactideas.pt\/en\/wp-json\/wp\/v2\/types\/page"}],"author":[{"embeddable":true,"href":"https:\/\/interactideas.pt\/en\/wp-json\/wp\/v2\/users\/3"}],"replies":[{"embeddable":true,"href":"https:\/\/interactideas.pt\/en\/wp-json\/wp\/v2\/comments?post=825"}],"version-history":[{"count":20,"href":"https:\/\/interactideas.pt\/en\/wp-json\/wp\/v2\/pages\/825\/revisions"}],"predecessor-version":[{"id":874,"href":"https:\/\/interactideas.pt\/en\/wp-json\/wp\/v2\/pages\/825\/revisions\/874"}],"wp:attachment":[{"href":"https:\/\/interactideas.pt\/en\/wp-json\/wp\/v2\/media?parent=825"}],"curies":[{"name":"wp","href":"https:\/\/api.w.org\/{rel}","templated":true}]}}