{"id":896,"date":"2021-02-22T21:35:45","date_gmt":"2021-02-22T21:35:45","guid":{"rendered":"https:\/\/interactideas.pt\/?page_id=896"},"modified":"2021-02-22T21:39:03","modified_gmt":"2021-02-22T21:39:03","slug":"video-e-imagem-360o","status":"publish","type":"page","link":"https:\/\/interactideas.pt\/en\/video-e-imagem-360o\/","title":{"rendered":"360\u00b0 Video and Image"},"content":{"rendered":"<h3><strong>Your company on the web in 360\u00ba version<\/strong><\/h3>\n<p style=\"font-size: 120%; text-align: justify;\">We develop 360\u00ba immersive experiences! A new way to show your company, your business, essentially... a new way to involve the client in your business.<\/p>\n<p style=\"font-size: 120%; text-align: justify;\">We implement 360 video and image solutions that allow you to put your company's ideas and products on the Web and in applications for mobile devices. Present your products framed in an Augmented Reality format. Allows your customers to have an immersive experience accessing your products and spaces no matter where they are.<\/p>\n<p style=\"font-size: 120%; text-align: justify;\">How? Talk with us.<\/p>\n<p><img class=\"aligncenter size-full wp-image-895\" src=\"https:\/\/interactideas.pt\/wp-content\/uploads\/2020\/08\/augmented-reality.jpg\" alt=\"\" width=\"640\" height=\"426\" srcset=\"https:\/\/interactideas.pt\/wp-content\/uploads\/2020\/08\/augmented-reality.jpg 640w, https:\/\/interactideas.pt\/wp-content\/uploads\/2020\/08\/augmented-reality-300x200.jpg 300w, https:\/\/interactideas.pt\/wp-content\/uploads\/2020\/08\/augmented-reality-16x12.jpg 16w\" sizes=\"(max-width: 640px) 100vw, 640px\" \/><\/p>","protected":false},"excerpt":{"rendered":"<p>A sua empresa na web em vers\u00e3o 360\u00ba Desenvolvemos experi\u00eancias imersivas em 360\u00ba! Uma nova forma de mostrar a sua empresa, o seu neg\u00f3cio, essencialmente&#8230; uma nova forma de envolver o cliente no seu neg\u00f3cio. Implementamos solu\u00e7\u00f5es de v\u00eddeo e imagem 360 que permitem colocar as ideias e produtos das sua empresa na Web e [&hellip;]<\/p>","protected":false},"author":3,"featured_media":0,"parent":0,"menu_order":0,"comment_status":"closed","ping_status":"closed","template":"","meta":[],"yoast_head":"<!-- This site is optimized with the Yoast SEO plugin v16.4 - https:\/\/yoast.com\/wordpress\/plugins\/seo\/ -->\n<title>V\u00eddeo e Imagem 360\u00ba - Interact Ideas<\/title>\n<meta name=\"robots\" content=\"index, follow, max-snippet:-1, max-image-preview:large, max-video-preview:-1\" \/>\n<link rel=\"canonical\" href=\"https:\/\/interactideas.pt\/en\/video-e-imagem-360o\/\" \/>\n<meta property=\"og:locale\" content=\"en_GB\" \/>\n<meta property=\"og:type\" content=\"article\" \/>\n<meta property=\"og:title\" content=\"V\u00eddeo e Imagem 360\u00ba - Interact Ideas\" \/>\n<meta property=\"og:description\" content=\"A sua empresa na web em vers\u00e3o 360\u00ba Desenvolvemos experi\u00eancias imersivas em 360\u00ba! Uma nova forma de mostrar a sua empresa, o seu neg\u00f3cio, essencialmente&#8230; uma nova forma de envolver o cliente no seu neg\u00f3cio. Implementamos solu\u00e7\u00f5es de v\u00eddeo e imagem 360 que permitem colocar as ideias e produtos das sua empresa na Web e [&hellip;]\" \/>\n<meta property=\"og:url\" content=\"https:\/\/interactideas.pt\/en\/video-e-imagem-360o\/\" \/>\n<meta property=\"og:site_name\" content=\"Interact Ideas\" \/>\n<meta property=\"article:modified_time\" content=\"2021-02-22T21:39:03+00:00\" \/>\n<meta property=\"og:image\" content=\"https:\/\/interactideas.pt\/wp-content\/uploads\/2020\/08\/augmented-reality.jpg\" \/>\n<meta name=\"twitter:card\" content=\"summary_large_image\" \/>\n<script type=\"application\/ld+json\" class=\"yoast-schema-graph\">{\"@context\":\"https:\/\/schema.org\",\"@graph\":[{\"@type\":\"Organization\",\"@id\":\"https:\/\/interactideas.pt\/#organization\",\"name\":\"InteractIdeas\",\"url\":\"https:\/\/interactideas.pt\/\",\"sameAs\":[],\"logo\":{\"@type\":\"ImageObject\",\"@id\":\"https:\/\/interactideas.pt\/#logo\",\"inLanguage\":\"en-GB\",\"url\":\"https:\/\/interactideas.pt\/wp-content\/uploads\/2020\/11\/logointeract-wp1.png\",\"contentUrl\":\"https:\/\/interactideas.pt\/wp-content\/uploads\/2020\/11\/logointeract-wp1.png\",\"width\":114,\"height\":90,\"caption\":\"InteractIdeas\"},\"image\":{\"@id\":\"https:\/\/interactideas.pt\/#logo\"}},{\"@type\":\"WebSite\",\"@id\":\"https:\/\/interactideas.pt\/#website\",\"url\":\"https:\/\/interactideas.pt\/\",\"name\":\"Interact Ideas\",\"description\":\"\",\"publisher\":{\"@id\":\"https:\/\/interactideas.pt\/#organization\"},\"potentialAction\":[{\"@type\":\"SearchAction\",\"target\":\"https:\/\/interactideas.pt\/?s={search_term_string}\",\"query-input\":\"required name=search_term_string\"}],\"inLanguage\":\"en-GB\"},{\"@type\":\"ImageObject\",\"@id\":\"https:\/\/interactideas.pt\/video-e-imagem-360o\/#primaryimage\",\"inLanguage\":\"en-GB\",\"url\":\"https:\/\/interactideas.pt\/wp-content\/uploads\/2020\/08\/augmented-reality.jpg\",\"contentUrl\":\"https:\/\/interactideas.pt\/wp-content\/uploads\/2020\/08\/augmented-reality.jpg\",\"width\":640,\"height\":426},{\"@type\":\"WebPage\",\"@id\":\"https:\/\/interactideas.pt\/video-e-imagem-360o\/#webpage\",\"url\":\"https:\/\/interactideas.pt\/video-e-imagem-360o\/\",\"name\":\"V\\u00eddeo e Imagem 360\\u00ba - Interact Ideas\",\"isPartOf\":{\"@id\":\"https:\/\/interactideas.pt\/#website\"},\"primaryImageOfPage\":{\"@id\":\"https:\/\/interactideas.pt\/video-e-imagem-360o\/#primaryimage\"},\"datePublished\":\"2021-02-22T21:35:45+00:00\",\"dateModified\":\"2021-02-22T21:39:03+00:00\",\"breadcrumb\":{\"@id\":\"https:\/\/interactideas.pt\/video-e-imagem-360o\/#breadcrumb\"},\"inLanguage\":\"en-GB\",\"potentialAction\":[{\"@type\":\"ReadAction\",\"target\":[\"https:\/\/interactideas.pt\/video-e-imagem-360o\/\"]}]},{\"@type\":\"BreadcrumbList\",\"@id\":\"https:\/\/interactideas.pt\/video-e-imagem-360o\/#breadcrumb\",\"itemListElement\":[{\"@type\":\"ListItem\",\"position\":1,\"item\":{\"@type\":\"WebPage\",\"@id\":\"https:\/\/interactideas.pt\/\",\"url\":\"https:\/\/interactideas.pt\/\",\"name\":\"In\\u00edcio\"}},{\"@type\":\"ListItem\",\"position\":2,\"item\":{\"@id\":\"https:\/\/interactideas.pt\/video-e-imagem-360o\/#webpage\"}}]}]}<\/script>\n<!-- \/ Yoast SEO plugin. -->","_links":{"self":[{"href":"https:\/\/interactideas.pt\/en\/wp-json\/wp\/v2\/pages\/896"}],"collection":[{"href":"https:\/\/interactideas.pt\/en\/wp-json\/wp\/v2\/pages"}],"about":[{"href":"https:\/\/interactideas.pt\/en\/wp-json\/wp\/v2\/types\/page"}],"author":[{"embeddable":true,"href":"https:\/\/interactideas.pt\/en\/wp-json\/wp\/v2\/users\/3"}],"replies":[{"embeddable":true,"href":"https:\/\/interactideas.pt\/en\/wp-json\/wp\/v2\/comments?post=896"}],"version-history":[{"count":1,"href":"https:\/\/interactideas.pt\/en\/wp-json\/wp\/v2\/pages\/896\/revisions"}],"predecessor-version":[{"id":897,"href":"https:\/\/interactideas.pt\/en\/wp-json\/wp\/v2\/pages\/896\/revisions\/897"}],"wp:attachment":[{"href":"https:\/\/interactideas.pt\/en\/wp-json\/wp\/v2\/media?parent=896"}],"curies":[{"name":"wp","href":"https:\/\/api.w.org\/{rel}","templated":true}]}}