{"id":9,"date":"2020-08-05T09:33:54","date_gmt":"2020-08-05T09:33:54","guid":{"rendered":"https:\/\/interactideas.pt\/beta\/?page_id=9"},"modified":"2021-03-11T19:16:16","modified_gmt":"2021-03-11T19:16:16","slug":"quem-somos","status":"publish","type":"page","link":"https:\/\/interactideas.pt\/en\/quem-somos\/","title":{"rendered":"About Us"},"content":{"rendered":"<div class=\"vc_row wpb_row vc_row-fluid\"><div class=\"wpb_column vc_column_container vc_col-sm-12\"><div class=\"vc_column-inner\"><div class=\"wpb_wrapper\"><div class=\"vc_empty_space\"   style=\"height: 2em\"><span class=\"vc_empty_space_inner\"><\/span><\/div><\/div><\/div><\/div><\/div><div class=\"vc_row wpb_row vc_row-fluid\"><\/div><div class=\"wpb_column vc_column_container vc_col-sm-12\"><div class=\"vc_column-inner\"><div class=\"wpb_wrapper\"><\/div><\/div><\/div>\n\t<div class=\"wpb_text_column wpb_content_element\" >\n\t\t<div class=\"wpb_wrapper\">\n\t\t\t\n\t\t<\/div>\n\t<\/div>\n<h3 style=\"text-align: left;\"><strong>INTERACTIDEAS \u2013 Digital Innovation<\/strong><\/h3>\n<p style=\"font-size: 120%; text-align: justify;\">InteractIdeas is a recent company but with a team of more than <strong>20 years of experience in Digital Innovation<\/strong> and in the Education and Digital Technology component.<\/p>\n<p style=\"font-size: 120%; text-align: justify;\">Therefore, it was created to support all companies and institutions that need support in such a critical and crucial area for their present and future.<\/p>\n<p style=\"font-size: 120%; text-align: justify;\">Combining all the accumulated experience, it will be able to help companies and institutions that want to be at the forefront of digital innovation. Under the motto of innovation, InteractIdeas <strong>promotes the introduction of emerging technologies in the digital universe. We develop, implement and adapt solutions for digital integration in your company's business and in the dynamics of your institution, through a wide range of digital services.<\/strong> We develop, implement, and adapt digital integration solutions in your company's business and in the dynamics of your institution, through a wide range of digital services.<\/p>\n<p style=\"font-size: 120%; text-align: justify;\">Check out our website, see the services and products we can offer according to your needs and goals.<\/p>\n<p><img class=\"aligncenter size-full wp-image-680\" src=\"https:\/\/interactideas.pt\/wp-content\/uploads\/2021\/01\/innovation-561388_1920.jpg\" alt=\"\" width=\"1920\" height=\"1280\" srcset=\"https:\/\/interactideas.pt\/wp-content\/uploads\/2021\/01\/innovation-561388_1920.jpg 1920w, https:\/\/interactideas.pt\/wp-content\/uploads\/2021\/01\/innovation-561388_1920-300x200.jpg 300w, https:\/\/interactideas.pt\/wp-content\/uploads\/2021\/01\/innovation-561388_1920-1024x683.jpg 1024w, https:\/\/interactideas.pt\/wp-content\/uploads\/2021\/01\/innovation-561388_1920-768x512.jpg 768w, https:\/\/interactideas.pt\/wp-content\/uploads\/2021\/01\/innovation-561388_1920-1536x1024.jpg 1536w, https:\/\/interactideas.pt\/wp-content\/uploads\/2021\/01\/innovation-561388_1920-16x12.jpg 16w\" sizes=\"(max-width: 1920px) 100vw, 1920px\" \/><\/p>","protected":false},"excerpt":{"rendered":"<p>INTERACTIDEAS &#8211; Inova\u00e7\u00e3o em Digital A InteractIdeas \u00e9 uma empresa recente mas com uma equipa com mais de 20 anos de experi\u00eancia na \u00e1rea da Inova\u00e7\u00e3o Digital e na componente da Educa\u00e7\u00e3o e da Tecnologia Digital. Por isso, foi criada para apoiar todas as empresas e institui\u00e7\u00f5es que necessitam de suporte e apoio numa \u00e1rea [&hellip;]<\/p>","protected":false},"author":1,"featured_media":0,"parent":0,"menu_order":0,"comment_status":"closed","ping_status":"closed","template":"","meta":[],"yoast_head":"<!-- This site is optimized with the Yoast SEO plugin v16.4 - https:\/\/yoast.com\/wordpress\/plugins\/seo\/ -->\n<title>Quem somos - Interact Ideas<\/title>\n<meta name=\"robots\" content=\"index, follow, max-snippet:-1, max-image-preview:large, max-video-preview:-1\" \/>\n<link rel=\"canonical\" href=\"https:\/\/interactideas.pt\/en\/quem-somos\/\" \/>\n<meta property=\"og:locale\" content=\"en_GB\" \/>\n<meta property=\"og:type\" content=\"article\" \/>\n<meta property=\"og:title\" content=\"Quem somos - Interact Ideas\" \/>\n<meta property=\"og:description\" content=\"INTERACTIDEAS &#8211; Inova\u00e7\u00e3o em Digital A InteractIdeas \u00e9 uma empresa recente mas com uma equipa com mais de 20 anos de experi\u00eancia na \u00e1rea da Inova\u00e7\u00e3o Digital e na componente da Educa\u00e7\u00e3o e da Tecnologia Digital. Por isso, foi criada para apoiar todas as empresas e institui\u00e7\u00f5es que necessitam de suporte e apoio numa \u00e1rea [&hellip;]\" \/>\n<meta property=\"og:url\" content=\"https:\/\/interactideas.pt\/en\/quem-somos\/\" \/>\n<meta property=\"og:site_name\" content=\"Interact Ideas\" \/>\n<meta property=\"article:modified_time\" content=\"2021-03-11T19:16:16+00:00\" \/>\n<meta property=\"og:image\" content=\"https:\/\/interactideas.pt\/wp-content\/uploads\/2021\/01\/innovation-561388_1920.jpg\" \/>\n<meta name=\"twitter:card\" content=\"summary_large_image\" \/>\n<meta name=\"twitter:label1\" content=\"Estimated reading time\" \/>\n\t<meta name=\"twitter:data1\" content=\"1 minute\" \/>\n<script type=\"application\/ld+json\" class=\"yoast-schema-graph\">{\"@context\":\"https:\/\/schema.org\",\"@graph\":[{\"@type\":\"Organization\",\"@id\":\"https:\/\/interactideas.pt\/#organization\",\"name\":\"InteractIdeas\",\"url\":\"https:\/\/interactideas.pt\/\",\"sameAs\":[],\"logo\":{\"@type\":\"ImageObject\",\"@id\":\"https:\/\/interactideas.pt\/#logo\",\"inLanguage\":\"en-GB\",\"url\":\"https:\/\/interactideas.pt\/wp-content\/uploads\/2020\/11\/logointeract-wp1.png\",\"contentUrl\":\"https:\/\/interactideas.pt\/wp-content\/uploads\/2020\/11\/logointeract-wp1.png\",\"width\":114,\"height\":90,\"caption\":\"InteractIdeas\"},\"image\":{\"@id\":\"https:\/\/interactideas.pt\/#logo\"}},{\"@type\":\"WebSite\",\"@id\":\"https:\/\/interactideas.pt\/#website\",\"url\":\"https:\/\/interactideas.pt\/\",\"name\":\"Interact Ideas\",\"description\":\"\",\"publisher\":{\"@id\":\"https:\/\/interactideas.pt\/#organization\"},\"potentialAction\":[{\"@type\":\"SearchAction\",\"target\":\"https:\/\/interactideas.pt\/?s={search_term_string}\",\"query-input\":\"required name=search_term_string\"}],\"inLanguage\":\"en-GB\"},{\"@type\":\"ImageObject\",\"@id\":\"https:\/\/interactideas.pt\/quem-somos\/#primaryimage\",\"inLanguage\":\"en-GB\",\"url\":\"https:\/\/interactideas.pt\/wp-content\/uploads\/2021\/01\/innovation-561388_1920.jpg\",\"contentUrl\":\"https:\/\/interactideas.pt\/wp-content\/uploads\/2021\/01\/innovation-561388_1920.jpg\",\"width\":1920,\"height\":1280},{\"@type\":\"WebPage\",\"@id\":\"https:\/\/interactideas.pt\/quem-somos\/#webpage\",\"url\":\"https:\/\/interactideas.pt\/quem-somos\/\",\"name\":\"Quem somos - Interact Ideas\",\"isPartOf\":{\"@id\":\"https:\/\/interactideas.pt\/#website\"},\"primaryImageOfPage\":{\"@id\":\"https:\/\/interactideas.pt\/quem-somos\/#primaryimage\"},\"datePublished\":\"2020-08-05T09:33:54+00:00\",\"dateModified\":\"2021-03-11T19:16:16+00:00\",\"breadcrumb\":{\"@id\":\"https:\/\/interactideas.pt\/quem-somos\/#breadcrumb\"},\"inLanguage\":\"en-GB\",\"potentialAction\":[{\"@type\":\"ReadAction\",\"target\":[\"https:\/\/interactideas.pt\/quem-somos\/\"]}]},{\"@type\":\"BreadcrumbList\",\"@id\":\"https:\/\/interactideas.pt\/quem-somos\/#breadcrumb\",\"itemListElement\":[{\"@type\":\"ListItem\",\"position\":1,\"item\":{\"@type\":\"WebPage\",\"@id\":\"https:\/\/interactideas.pt\/\",\"url\":\"https:\/\/interactideas.pt\/\",\"name\":\"In\\u00edcio\"}},{\"@type\":\"ListItem\",\"position\":2,\"item\":{\"@id\":\"https:\/\/interactideas.pt\/quem-somos\/#webpage\"}}]}]}<\/script>\n<!-- \/ Yoast SEO plugin. -->","_links":{"self":[{"href":"https:\/\/interactideas.pt\/en\/wp-json\/wp\/v2\/pages\/9"}],"collection":[{"href":"https:\/\/interactideas.pt\/en\/wp-json\/wp\/v2\/pages"}],"about":[{"href":"https:\/\/interactideas.pt\/en\/wp-json\/wp\/v2\/types\/page"}],"author":[{"embeddable":true,"href":"https:\/\/interactideas.pt\/en\/wp-json\/wp\/v2\/users\/1"}],"replies":[{"embeddable":true,"href":"https:\/\/interactideas.pt\/en\/wp-json\/wp\/v2\/comments?post=9"}],"version-history":[{"count":60,"href":"https:\/\/interactideas.pt\/en\/wp-json\/wp\/v2\/pages\/9\/revisions"}],"predecessor-version":[{"id":947,"href":"https:\/\/interactideas.pt\/en\/wp-json\/wp\/v2\/pages\/9\/revisions\/947"}],"wp:attachment":[{"href":"https:\/\/interactideas.pt\/en\/wp-json\/wp\/v2\/media?parent=9"}],"curies":[{"name":"wp","href":"https:\/\/api.w.org\/{rel}","templated":true}]}}